{"id":96,"date":"2025-08-26T08:54:31","date_gmt":"2025-08-26T11:54:31","guid":{"rendered":"http:\/\/sindiextramg.com.br\/admin\/?page_id=96"},"modified":"2025-09-30T09:32:50","modified_gmt":"2025-09-30T12:32:50","slug":"meio-ambiente-e-parte-do-negocio","status":"publish","type":"page","link":"https:\/\/sindiextramg.com.br\/admin\/index.php\/meio-ambiente-e-parte-do-negocio\/","title":{"rendered":"Meio ambiente \u00e9 parte do neg\u00f3cio\u00a0"},"content":{"rendered":"\n<p>Sempre que se fala na rela\u00e7\u00e3o entre a minera\u00e7\u00e3o e o meio ambiente, a primeira imagem que vem \u00e0 mente \u00e9 a do rompimento de duas grandes barragens de conten\u00e7\u00e3o de rejeitos, em Mariana (2015), e Brumadinho (2019). Foram acontecimentos graves, do ponto de vista dos danos ao meio ambiente e \u00e0s fam\u00edlias afetadas.&nbsp; A repara\u00e7\u00e3o est\u00e1 em andamento e ir\u00e1 custar R$ 170 bilh\u00f5es (Mariana) e R$ 37 bilh\u00f5es (Brumadinho).&nbsp;<\/p>\n\n\n\n<p>Por\u00e9m, em condi\u00e7\u00f5es normais de opera\u00e7\u00e3o, a minera\u00e7\u00e3o \u00e9 uma atividade muito controlada, do ponto de vista ambiental. A come\u00e7ar pelo fato de que nenhuma lavra \u00e9 iniciada sem que seu projeto tenha sido seja aprovado pelo Conselho Estadual de Pol\u00edtica Ambiental (Copam). Quando uma lavra chega ao seu final, \u00e9 preciso que o Copam tamb\u00e9m aprove o projeto para o fechamento da mina.&nbsp;<\/p>\n\n\n\n<p>Se a refer\u00eancia for o territ\u00f3rio ocupado pela atividade mineral, a \u00e1rea total corresponde a um percentual muito pequeno \u2013 32,7 mil hectares ou 0,05% da extens\u00e3o total do Estado \u2013 segundo estudo da Map Biomas, uma iniciativa do Observat\u00f3rio do Clima que mapeia anualmente a cobertura e o uso da terra no Brasil. Trata-se de uma rede colaborativa que re\u00fane institui\u00e7\u00f5es como universidades, ONGs e empresas de tecnologia. Para saber mais sobre o Map Biomas, <a href=\"https:\/\/brasil.mapbiomas.org\">clique aqui<\/a>.&nbsp;<\/p>\n\n\n\n<p class=\"is-style-text-subtitle is-style-text-subtitle--1\"><br><strong>Manuten\u00e7\u00e3o de RPPNs<\/strong>&nbsp;<\/p>\n\n\n\n<p>A minera\u00e7\u00e3o desenvolve tamb\u00e9m uma atividade que \u00e9 pouco conhecida da sociedade: a manuten\u00e7\u00e3o de Reservas Particulares do Patrim\u00f4nio Natural (RPPNs). Uma RPPN \u00e9 uma \u00e1rea privada de preserva\u00e7\u00e3o ambiental. Para obter o t\u00edtulo, que tem car\u00e1ter perp\u00e9tuo, o titular da \u00e1rea precisa requerer o seu registro&nbsp; junto \u00e0 Uni\u00e3o, ao Estado ou ao Munic\u00edpio.&nbsp;&nbsp;<\/p>\n\n\n\n<figure class=\"wp-block-image size-large\"><img loading=\"lazy\" decoding=\"async\" width=\"1024\" height=\"683\" src=\"http:\/\/sindiextramg.com.br\/admin\/wp-content\/uploads\/2025\/09\/Texto-5-foto-01-1024x683.jpg\" alt=\"\" class=\"wp-image-137\" srcset=\"https:\/\/sindiextramg.com.br\/admin\/wp-content\/uploads\/2025\/09\/Texto-5-foto-01-1024x683.jpg 1024w, https:\/\/sindiextramg.com.br\/admin\/wp-content\/uploads\/2025\/09\/Texto-5-foto-01-300x200.jpg 300w, https:\/\/sindiextramg.com.br\/admin\/wp-content\/uploads\/2025\/09\/Texto-5-foto-01-768x513.jpg 768w, https:\/\/sindiextramg.com.br\/admin\/wp-content\/uploads\/2025\/09\/Texto-5-foto-01.jpg 1536w\" sizes=\"auto, (max-width: 1024px) 100vw, 1024px\" \/><figcaption class=\"wp-element-caption\">Reserva Particular do Patrim\u00f4nio Natural Mata do Jambreiro, na Regi\u00e3o Metropolitana de Belo Horizonte Foto:\u00a0 Marcelo Coelho\/Vale\/Divulga\u00e7\u00e3o<\/figcaption><\/figure>\n\n\n\n<p>Al\u00e9m do t\u00edtulo, o propriet\u00e1rio recebe a responsabilidade pela preserva\u00e7\u00e3o da \u00e1rea. O trabalho de conserva\u00e7\u00e3o, ali\u00e1s, nem sempre \u00e9 de baixo custo, pois envolve despesas com vigil\u00e2ncia, para evitar invas\u00f5es, e preven\u00e7\u00e3o de inc\u00eandios, entre outras.&nbsp;<\/p>\n\n\n\n<p>Por setor de atividade, as empresas de minera\u00e7\u00e3o e as chamadas sider\u00fargicas integradas, que possuem todo o ciclo da produ\u00e7\u00e3o do a\u00e7o, incluindo a extra\u00e7\u00e3o de min\u00e9rio, s\u00e3o propriet\u00e1rias de 60 das 399 RPPNs existentes em Minas. Em termos de \u00e1rea, a que \u00e9 ocupada pelas lavras no Estado (32,7 mil hectares) \u00e9 praticamente a mesma da soma da extens\u00e3o territorial das RPPNs de propriedade da minera\u00e7\u00e3o e das sider\u00fargicas integradas: 31,8 mil hectares, distribu\u00eddos pelos tr\u00eas principais biomas que se fazem presentes no territ\u00f3rio mineiro \u2013 Cerrado, na por\u00e7\u00e3o oeste; Mata Atl\u00e2ntica, a sul e leste; e Caatinga, no extremo norte do Estado.&nbsp;&nbsp;<\/p>\n\n\n\n<p>Em v\u00e1rias destas RPPNs, h\u00e1 aninais que fazem parte das esp\u00e9cies em perigo de extin\u00e7\u00e3o e que ali podem se manter em seguran\u00e7a. Em v\u00e1rias outras, as empresas mant\u00eam centros de educa\u00e7\u00e3o ambiental, que recebem escolas, ou de pesquisa cient\u00edfica, em parceria com universidades.&nbsp;&nbsp;&nbsp;<\/p>\n\n\n\n<p class=\"is-style-text-subtitle is-style-text-subtitle--2\"><br><strong>Seguran\u00e7a de barragens<\/strong>&nbsp;<\/p>\n\n\n\n<p>A preocupa\u00e7\u00e3o em aumentar a seguran\u00e7a de suas opera\u00e7\u00f5es, especialmente ap\u00f3s os rompimentos de Mariana e Brumadinho, est\u00e1 fazendo a minera\u00e7\u00e3o ampliar os&nbsp; investimentos na opera\u00e7\u00e3o a seco, em detrimento da disposi\u00e7\u00e3o de rejeitos em barragens. Na opera\u00e7\u00e3o a seco, o min\u00e9rio \u00e9 beneficiado e o que n\u00e3o tem valor comercial \u00e9, normalmente, acondicionado em pilhas, que depois s\u00e3o compactadas e revegetadas.&nbsp;<\/p>\n\n\n\n<figure class=\"wp-block-image size-large\"><img loading=\"lazy\" decoding=\"async\" width=\"1024\" height=\"613\" src=\"http:\/\/sindiextramg.com.br\/admin\/wp-content\/uploads\/2025\/09\/Texto-5-foto-02-1024x613.webp\" alt=\"\" class=\"wp-image-138\" srcset=\"https:\/\/sindiextramg.com.br\/admin\/wp-content\/uploads\/2025\/09\/Texto-5-foto-02-1024x613.webp 1024w, https:\/\/sindiextramg.com.br\/admin\/wp-content\/uploads\/2025\/09\/Texto-5-foto-02-300x179.webp 300w, https:\/\/sindiextramg.com.br\/admin\/wp-content\/uploads\/2025\/09\/Texto-5-foto-02-768x459.webp 768w, https:\/\/sindiextramg.com.br\/admin\/wp-content\/uploads\/2025\/09\/Texto-5-foto-02.webp 1170w\" sizes=\"auto, (max-width: 1024px) 100vw, 1024px\" \/><figcaption class=\"wp-element-caption\">Descaracteriza\u00e7\u00e3o da barragem Fernandinho, de rejeitos de min\u00e9rio de ferro, na Regi\u00e3o Metropolitana de Belo Horizonte Foto: Vale Divulga\u00e7\u00e3o<\/figcaption><\/figure>\n\n\n\n<p>Hoje, a maior parte das grandes empresas de minera\u00e7\u00e3o mant\u00e9m centros de opera\u00e7\u00e3o em que, \u00e0 dist\u00e2ncia por meio de equipamentos, fazem o monitoramento de suas estruturas \u202fgeot\u00e9cnicas, como barragens, diques, empilhamentos, cavas e taludes industriais. O objetivo \u00e9 prevenir a ocorr\u00eancia de acidentes.&nbsp;<\/p>\n\n\n\n<p>Al\u00e9m do empilhamento a seco, as empresas de minera\u00e7\u00e3o est\u00e3o investindo na busca por outros usos para o rejeito. Na constru\u00e7\u00e3o civil, finos de min\u00e9rio de ferro e res\u00edduos de rochas ornamentais s\u00e3o utilizados na produ\u00e7\u00e3o de argamassa, cer\u00e2micas, tintas e materiais para pavimenta\u00e7\u00e3o. Tamb\u00e9m h\u00e1 experi\u00eancias para transformar rejeitos em produtos como blocos para constru\u00e7\u00e3o, agregados para concretos e materiais para a ind\u00fastria sider\u00fargica.&nbsp;&nbsp;<\/p>\n\n\n\n<p>Na ind\u00fastria, rejeitos s\u00e3o utilizados em fornos de cimento, na produ\u00e7\u00e3o de ferro-sil\u00edcio e em outras aplica\u00e7\u00f5es industriais, o que evita a necessidade de extra\u00e7\u00e3o de novas mat\u00e9rias primas.&nbsp;<\/p>\n\n\n\n<p class=\"is-style-text-subtitle is-style-text-subtitle--3\"><br><strong>Fim das barragens a montante<\/strong>&nbsp;<\/p>\n\n\n\n<p>Em acordo com o Minist\u00e9rio P\u00fablico, as empresas de minera\u00e7\u00e3o est\u00e3o eliminando as barragens constru\u00eddas pelo sistema a montante, em que os novos diques de conten\u00e7\u00e3o s\u00e3o constru\u00eddos sobre o pr\u00f3prio rejeito ou o sedimento j\u00e1 depositado. O acordo foi firmado ap\u00f3s o rompimento da barragem de Brumadinho. Atualmente, 21 estruturas j\u00e1 foram desativadas. Outras 33 est\u00e3o com os processos em andamento. A previs\u00e3o \u00e9 de que at\u00e9 2035, nenhuma barragem constru\u00edda pelo m\u00e9todo a montante esteja em opera\u00e7\u00e3o no Estado.&nbsp;&nbsp;<\/p>\n\n\n\n<p>As empresas est\u00e3o investindo tamb\u00e9m na redu\u00e7\u00e3o do consumo de \u00e1gua durante as opera\u00e7\u00f5es de beneficiamento do min\u00e9rio. Isso se d\u00e1 com a implanta\u00e7\u00e3o de plantas em circuito fechado, com a recircula\u00e7\u00e3o da \u00e1gua e a minimiza\u00e7\u00e3o de&nbsp; perdas. J\u00e1 h\u00e1 empresas em que 85% da \u00e1gua \u00e9 reutilizada.&nbsp;<\/p>\n","protected":false},"excerpt":{"rendered":"<p>Sempre que se fala na rela\u00e7\u00e3o entre a minera\u00e7\u00e3o e o meio ambiente, a primeira imagem que vem \u00e0 mente \u00e9 a do rompimento de duas grandes barragens de conten\u00e7\u00e3o de rejeitos, em Mariana (2015), e Brumadinho (2019). Foram acontecimentos graves, do ponto de vista dos danos ao meio ambiente e \u00e0s fam\u00edlias afetadas.&nbsp; A [&hellip;]<\/p>\n","protected":false},"author":2,"featured_media":0,"parent":0,"menu_order":0,"comment_status":"closed","ping_status":"closed","template":"","meta":{"footnotes":""},"class_list":["post-96","page","type-page","status-publish","hentry"],"aioseo_notices":[],"_links":{"self":[{"href":"https:\/\/sindiextramg.com.br\/admin\/index.php\/wp-json\/wp\/v2\/pages\/96","targetHints":{"allow":["GET"]}}],"collection":[{"href":"https:\/\/sindiextramg.com.br\/admin\/index.php\/wp-json\/wp\/v2\/pages"}],"about":[{"href":"https:\/\/sindiextramg.com.br\/admin\/index.php\/wp-json\/wp\/v2\/types\/page"}],"author":[{"embeddable":true,"href":"https:\/\/sindiextramg.com.br\/admin\/index.php\/wp-json\/wp\/v2\/users\/2"}],"replies":[{"embeddable":true,"href":"https:\/\/sindiextramg.com.br\/admin\/index.php\/wp-json\/wp\/v2\/comments?post=96"}],"version-history":[{"count":7,"href":"https:\/\/sindiextramg.com.br\/admin\/index.php\/wp-json\/wp\/v2\/pages\/96\/revisions"}],"predecessor-version":[{"id":256,"href":"https:\/\/sindiextramg.com.br\/admin\/index.php\/wp-json\/wp\/v2\/pages\/96\/revisions\/256"}],"wp:attachment":[{"href":"https:\/\/sindiextramg.com.br\/admin\/index.php\/wp-json\/wp\/v2\/media?parent=96"}],"curies":[{"name":"wp","href":"https:\/\/api.w.org\/{rel}","templated":true}]}}