{"id":92,"date":"2025-08-26T08:51:18","date_gmt":"2025-08-26T11:51:18","guid":{"rendered":"http:\/\/sindiextramg.com.br\/admin\/?page_id=92"},"modified":"2025-10-06T09:22:04","modified_gmt":"2025-10-06T12:22:04","slug":"glossario-da-mineracao","status":"publish","type":"page","link":"https:\/\/sindiextramg.com.br\/admin\/index.php\/glossario-da-mineracao\/","title":{"rendered":"Gloss\u00e1rio da minera\u00e7\u00e3o\u00a0"},"content":{"rendered":"\n<p class=\"has-text-align-center is-style-text-subtitle is-style-text-subtitle--1\"><br><strong>Afloramento<\/strong>&nbsp;<\/p>\n\n\n\n<p>Exposi\u00e7\u00e3o de uma rocha na superf\u00edcie da Terra. Pode ocorrer naturalmente, pela eros\u00e3o do solo que cobria a rocha, ou pela a\u00e7\u00e3o humana, como por exemplo, em cortes de estradas ou em pedreiras.&nbsp;<\/p>\n\n\n\n<p class=\"has-text-align-center is-style-text-subtitle is-style-text-subtitle--2\"><br><strong>Aluvi\u00e3o<\/strong>&nbsp;<\/p>\n\n\n\n<p>Ac\u00famulo gradual e impercept\u00edvel, por \u00e1gua corrente, de materiais como cascalho, areia e outros minerais no leito de rios e c\u00f3rregos,&nbsp; bem como em suas margens. &nbsp;<\/p>\n\n\n\n<p class=\"has-text-align-center is-style-text-subtitle is-style-text-subtitle--3\"><br><strong>Capeamento<\/strong>&nbsp;<\/p>\n\n\n\n<p>Camada de material est\u00e9ril (rochas sem valor econ\u00f4mico) que recobre uma jazida mineral e que precisa ser removida para que se possa ter a lavra a c\u00e9u aberto.\u202f\u00c9 uma etapa crucial na extra\u00e7\u00e3o de minerais em opera\u00e7\u00f5es de minera\u00e7\u00e3o a c\u00e9u aberto.&nbsp;<\/p>\n\n\n\n<p class=\"has-text-align-center is-style-text-subtitle is-style-text-subtitle--4\"><br><strong>Cava<\/strong>&nbsp;<\/p>\n\n\n\n<p>\u00c1rea escavada no solo para a extra\u00e7\u00e3o de minerais e recursos naturais do subsolo.\u202fA cava pode ser a c\u00e9u-aberto ou subterr\u00e2nea.&nbsp;<\/p>\n\n\n\n<figure class=\"wp-block-image size-large\"><img loading=\"lazy\" decoding=\"async\" width=\"1024\" height=\"613\" src=\"http:\/\/sindiextramg.com.br\/admin\/wp-content\/uploads\/2025\/09\/Texto-7-foto-01-1024x613.webp\" alt=\"\" class=\"wp-image-139\" srcset=\"https:\/\/sindiextramg.com.br\/admin\/wp-content\/uploads\/2025\/09\/Texto-7-foto-01-1024x613.webp 1024w, https:\/\/sindiextramg.com.br\/admin\/wp-content\/uploads\/2025\/09\/Texto-7-foto-01-300x179.webp 300w, https:\/\/sindiextramg.com.br\/admin\/wp-content\/uploads\/2025\/09\/Texto-7-foto-01-768x459.webp 768w, https:\/\/sindiextramg.com.br\/admin\/wp-content\/uploads\/2025\/09\/Texto-7-foto-01.webp 1170w\" sizes=\"auto, (max-width: 1024px) 100vw, 1024px\" \/><figcaption class=\"wp-element-caption\">Cava de mina a c\u00e9u aberto Foto: Google Earth<\/figcaption><\/figure>\n\n\n\n<p class=\"has-text-align-center is-style-text-subtitle is-style-text-subtitle--5\"><br><strong>Concentrado<\/strong>&nbsp;<\/p>\n\n\n\n<p>Produto mineral de alto teor obtido pelo beneficiamento do min\u00e9rio, processo no qual s\u00e3o selecionados os minerais de interesse e eliminados os que n\u00e3o se pretende comercializar.&nbsp;&nbsp;<\/p>\n\n\n\n<p class=\"has-text-align-center is-style-text-subtitle is-style-text-subtitle--6\"><br><strong>Descomissionamento<\/strong>&nbsp;<\/p>\n\n\n\n<p>Processo de fechamento de uma mina ao final de sua vida \u00fatil.&nbsp;<\/p>\n\n\n\n<p class=\"has-text-align-center is-style-text-subtitle is-style-text-subtitle--7\"><br><strong>Distrito mineral<\/strong> &nbsp;<\/p>\n\n\n\n<p>\u00c1rea geogr\u00e1fica onde ocorrem v\u00e1rios dep\u00f3sitos e ocorr\u00eancias de um ou mais tipos de minerais, com caracter\u00edsticas geol\u00f3gicas e metalogen\u00e9ticas semelhantes.&nbsp;<\/p>\n\n\n\n<p class=\"has-text-align-center is-style-text-subtitle is-style-text-subtitle--8\"><br><strong>Elemento<\/strong>&nbsp;<\/p>\n\n\n\n<p>\u00c9 a forma mais simples de mat\u00e9ria, n\u00e3o podendo ser decomposto em subst\u00e2ncias mais simples por meios qu\u00edmicos. Um exemplo: ferro (fe) \u00e9 um elemento. J\u00e1 o quartzo \u00e9 composto por dois elementos: sil\u00edcio (si) e oxig\u00eanio (o).&nbsp;<\/p>\n\n\n\n<p class=\"has-text-align-center is-style-text-subtitle is-style-text-subtitle--9\"><br><strong>Est\u00e9ril<\/strong>&nbsp;<\/p>\n\n\n\n<p>Material rochoso ou solo que n\u00e3o possui valor econ\u00f4mico em si e \u00e9 removido durante a extra\u00e7\u00e3o do min\u00e9rio para permitir o acesso ao min\u00e9rio de interesse.\u202f\u00c9 um material que n\u00e3o cont\u00e9m o min\u00e9rio desejado em quantidades economicamente vi\u00e1veis, sendo, por isso, descartado.\u202f&nbsp;<\/p>\n\n\n\n<p class=\"has-text-align-center is-style-text-subtitle is-style-text-subtitle--10\"><br><strong>Finos<\/strong>&nbsp;<\/p>\n\n\n\n<p>Part\u00edculas muito pequenas de min\u00e9rio produzidas durante o processo de extra\u00e7\u00e3o e beneficiamento. Em alguns casos, os finos de min\u00e9rio de ferro s\u00e3o utilizados para produzir pelotas, que s\u00e3o aglomerados de min\u00e9rio endurecido para uso em altos-fornos e t\u00eam valor comercial.\u202f&nbsp;<\/p>\n\n\n\n<p class=\"has-text-align-center is-style-text-subtitle is-style-text-subtitle--11\"><br><strong>Jazida<\/strong>&nbsp;<\/p>\n\n\n\n<p>Concentra\u00e7\u00e3o natural de subst\u00e2ncias minerais ou f\u00f3sseis com valor econ\u00f4mico na superf\u00edcie ou no interior da Terra.\u202fQuando a jazida \u00e9 efetivamente explorada, ela passa a ser chamada de mina&nbsp;<\/p>\n\n\n\n<p class=\"has-text-align-center is-style-text-subtitle is-style-text-subtitle--12\"><br><strong>Lavra<\/strong>&nbsp;<\/p>\n\n\n\n<p>Lavra \u00e9 a fase inicial da atividade mineradora, quando ocorre a extra\u00e7\u00e3o do min\u00e9rio do subsolo.&nbsp;<\/p>\n\n\n\n<figure class=\"wp-block-image size-full\"><img loading=\"lazy\" decoding=\"async\" width=\"1024\" height=\"768\" src=\"http:\/\/sindiextramg.com.br\/admin\/wp-content\/uploads\/2025\/09\/Texto-7-foto-02.webp\" alt=\"\" class=\"wp-image-140\" srcset=\"https:\/\/sindiextramg.com.br\/admin\/wp-content\/uploads\/2025\/09\/Texto-7-foto-02.webp 1024w, https:\/\/sindiextramg.com.br\/admin\/wp-content\/uploads\/2025\/09\/Texto-7-foto-02-300x225.webp 300w, https:\/\/sindiextramg.com.br\/admin\/wp-content\/uploads\/2025\/09\/Texto-7-foto-02-768x576.webp 768w\" sizes=\"auto, (max-width: 1024px) 100vw, 1024px\" \/><figcaption class=\"wp-element-caption\">Lavra de mina em opera\u00e7\u00e3o Foto Jos\u00e9 Cruz\/Ag\u00eancia Brasil.<\/figcaption><\/figure>\n\n\n\n<p class=\"has-text-align-center is-style-text-subtitle is-style-text-subtitle--13\"><br><strong>Liquefa\u00e7\u00e3o<\/strong>&nbsp;<\/p>\n\n\n\n<p>Perda de resist\u00eancia do solo com muita \u00e1gua, fazendo com que ele se comporte como um l\u00edquido. Pode ocorrer devido a tremores de terra ou sobrecarga de material armazenado. A liquefa\u00e7\u00e3o pode levar ao rompimento de uma barragem.&nbsp;<\/p>\n\n\n\n<p class=\"has-text-align-center is-style-text-subtitle is-style-text-subtitle--14\"><br><strong>Mina<\/strong>&nbsp;<\/p>\n\n\n\n<p>Cavidade ou jazida, na superf\u00edcie ou no subsolo, onde ocorre a extra\u00e7\u00e3o de subst\u00e2ncias minerais ou f\u00f3sseis de interesse econ\u00f4mico.&nbsp;<\/p>\n\n\n\n<p class=\"has-text-align-center is-style-text-subtitle is-style-text-subtitle--15\"><br><strong>Mineral<\/strong>&nbsp;<\/p>\n\n\n\n<p>S\u00f3lido natural, inorg\u00e2nico e homog\u00eaneo, com composi\u00e7\u00e3o qu\u00edmica definida.&nbsp;<\/p>\n\n\n\n<p class=\"has-text-align-center is-style-text-subtitle is-style-text-subtitle--16\"><br><strong>Min\u00e9rio<\/strong>&nbsp;<\/p>\n\n\n\n<p>\u00c9 uma rocha ou mineral ou associa\u00e7\u00e3o de minerais que cont\u00e9m um ou mais elementos ou compostos valiosos que podem ser extra\u00eddos e processados economicamente&nbsp;<\/p>\n\n\n\n<p class=\"has-text-align-center is-style-text-subtitle is-style-text-subtitle--17\"><br><strong>Mineroduto<\/strong>&nbsp;<\/p>\n\n\n\n<p>Sistema de transporte que utiliza tubos para levar min\u00e9rios, geralmente na forma de polpa (mistura de min\u00e9rio triturado com \u00e1gua), de um local para outro, cobrindo longas dist\u00e2ncias.&nbsp;<\/p>\n\n\n\n<figure class=\"wp-block-image size-full\"><img loading=\"lazy\" decoding=\"async\" width=\"1024\" height=\"683\" src=\"http:\/\/sindiextramg.com.br\/admin\/wp-content\/uploads\/2025\/09\/mineroduto.jpg\" alt=\"\" class=\"wp-image-245\" srcset=\"https:\/\/sindiextramg.com.br\/admin\/wp-content\/uploads\/2025\/09\/mineroduto.jpg 1024w, https:\/\/sindiextramg.com.br\/admin\/wp-content\/uploads\/2025\/09\/mineroduto-300x200.jpg 300w, https:\/\/sindiextramg.com.br\/admin\/wp-content\/uploads\/2025\/09\/mineroduto-768x512.jpg 768w\" sizes=\"auto, (max-width: 1024px) 100vw, 1024px\" \/><figcaption class=\"wp-element-caption\">Mineroduto faz o transporte do min\u00e9rio ao seu destino Foto: Anglo American\/Divulga\u00e7\u00e3o<\/figcaption><\/figure>\n\n\n\n<p class=\"has-text-align-center is-style-text-subtitle is-style-text-subtitle--18\"><br><strong>Prospec\u00e7\u00e3o<\/strong>&nbsp;<\/p>\n\n\n\n<p>Conjunto de atividades realizadas para localizar e avaliar potenciais dep\u00f3sitos minerais ou recursos geol\u00f3gicos que possam ter valor econ\u00f4mico.\u202f&nbsp;<\/p>\n\n\n\n<p class=\"has-text-align-center is-style-text-subtitle is-style-text-subtitle--19\"><br><strong>Prov\u00edncia mineral<\/strong>&nbsp;<\/p>\n\n\n\n<p>\u00c1rea geogr\u00e1fica extensa onde ocorrem m\u00faltiplos dep\u00f3sitos minerais de mesma natureza e idade, geralmente relacionados a processos geol\u00f3gicos comuns.\u202fJ\u00e1 um distrito mineral \u00e9 uma \u00e1rea menor dentro de uma prov\u00edncia mineral.&nbsp;<\/p>\n\n\n\n<p class=\"has-text-align-center is-style-text-subtitle is-style-text-subtitle--20\"><br><strong>Pelotiza\u00e7\u00e3o<\/strong>&nbsp;<\/p>\n\n\n\n<p>Processo industrial de aglomera\u00e7\u00e3o de finos de min\u00e9rio, especialmente min\u00e9rio de ferro, em pequenas esferas chamadas pelotas.\u202fEssas pelotas s\u00e3o utilizadas como mat\u00e9ria-prima em processos sider\u00fargicos.&nbsp;<\/p>\n\n\n\n<p class=\"has-text-align-center is-style-text-subtitle is-style-text-subtitle--21\"><br><strong>Rejeito<\/strong>&nbsp;<\/p>\n\n\n\n<p>Materiais descartados durante ou ap\u00f3s o beneficiamento do min\u00e9rio, quando a parte valiosa \u00e9 separada da fra\u00e7\u00e3o sem valor econ\u00f4mico.\u202fEsses res\u00edduos, frequentemente resultantes do uso de \u00e1gua para separar o min\u00e9rio, s\u00e3o depositados em locais como barragens e empilhados a seco ap\u00f3s a separa\u00e7\u00e3o da \u00e1gua.<strong>\u202f<\/strong>&nbsp;<\/p>\n\n\n\n<p class=\"has-text-align-center is-style-text-subtitle is-style-text-subtitle--22\"><br><strong>Rocha<\/strong>&nbsp;<\/p>\n\n\n\n<p>Agregado natural de minerais em uma extens\u00e3o consider\u00e1vel na crosta terrestre.\u202fAs rochas podem ser formadas por um \u00fanico mineral ou por uma combina\u00e7\u00e3o de v\u00e1rios minerais.\u202fElas s\u00e3o classificadas em tr\u00eas tipos principais com base em sua origem: \u00edgneas (ou magm\u00e1ticas), sedimentares e metam\u00f3rficas&nbsp;<\/p>\n\n\n\n<p class=\"has-text-align-center is-style-text-subtitle is-style-text-subtitle--23\"><br><strong>Talude<\/strong>&nbsp;<\/p>\n\n\n\n<p>Inclina\u00e7\u00e3o em uma encosta ou corte, como em uma mina a c\u00e9u-aberto, ou de uma pilha de rejeitos ou barragem&nbsp;<\/p>\n\n\n\n<figure class=\"wp-block-image size-large\"><img loading=\"lazy\" decoding=\"async\" width=\"1024\" height=\"684\" src=\"http:\/\/sindiextramg.com.br\/admin\/wp-content\/uploads\/2025\/09\/Texto-7-foto-04-1024x684.jpg\" alt=\"\" class=\"wp-image-142\" srcset=\"https:\/\/sindiextramg.com.br\/admin\/wp-content\/uploads\/2025\/09\/Texto-7-foto-04-1024x684.jpg 1024w, https:\/\/sindiextramg.com.br\/admin\/wp-content\/uploads\/2025\/09\/Texto-7-foto-04-300x200.jpg 300w, https:\/\/sindiextramg.com.br\/admin\/wp-content\/uploads\/2025\/09\/Texto-7-foto-04-768x513.jpg 768w, https:\/\/sindiextramg.com.br\/admin\/wp-content\/uploads\/2025\/09\/Texto-7-foto-04.jpg 1400w\" sizes=\"auto, (max-width: 1024px) 100vw, 1024px\" \/><figcaption class=\"wp-element-caption\">Talude em pilha de rejeitos de minera\u00e7\u00e3o Foto: Luiz Santana\/ALMG<\/figcaption><\/figure>\n\n\n\n<p class=\"has-text-align-center is-style-text-subtitle is-style-text-subtitle--24\"><br><strong>Sinteriza\u00e7\u00e3o<\/strong>&nbsp;<\/p>\n\n\n\n<p>Processo de aglomera\u00e7\u00e3o de part\u00edculas finas de min\u00e9rio de ferro, juntamente com outros materiais, como coque e fundentes, a altas temperaturas para formar blocos maiores e mais uniformes chamados s\u00ednter.\u202fEste s\u00ednter \u00e9 ent\u00e3o utilizado como mat\u00e9ria-prima em altos-fornos para a produ\u00e7\u00e3o de ferro-gusa.\u202f&nbsp;<\/p>\n","protected":false},"excerpt":{"rendered":"<p>Afloramento&nbsp; Exposi\u00e7\u00e3o de uma rocha na superf\u00edcie da Terra. Pode ocorrer naturalmente, pela eros\u00e3o do solo que cobria a rocha, ou pela a\u00e7\u00e3o humana, como por exemplo, em cortes de estradas ou em pedreiras.&nbsp; Aluvi\u00e3o&nbsp; Ac\u00famulo gradual e impercept\u00edvel, por \u00e1gua corrente, de materiais como cascalho, areia e outros minerais no leito de rios e [&hellip;]<\/p>\n","protected":false},"author":2,"featured_media":0,"parent":0,"menu_order":0,"comment_status":"closed","ping_status":"closed","template":"","meta":{"footnotes":""},"class_list":["post-92","page","type-page","status-publish","hentry"],"aioseo_notices":[],"_links":{"self":[{"href":"https:\/\/sindiextramg.com.br\/admin\/index.php\/wp-json\/wp\/v2\/pages\/92","targetHints":{"allow":["GET"]}}],"collection":[{"href":"https:\/\/sindiextramg.com.br\/admin\/index.php\/wp-json\/wp\/v2\/pages"}],"about":[{"href":"https:\/\/sindiextramg.com.br\/admin\/index.php\/wp-json\/wp\/v2\/types\/page"}],"author":[{"embeddable":true,"href":"https:\/\/sindiextramg.com.br\/admin\/index.php\/wp-json\/wp\/v2\/users\/2"}],"replies":[{"embeddable":true,"href":"https:\/\/sindiextramg.com.br\/admin\/index.php\/wp-json\/wp\/v2\/comments?post=92"}],"version-history":[{"count":10,"href":"https:\/\/sindiextramg.com.br\/admin\/index.php\/wp-json\/wp\/v2\/pages\/92\/revisions"}],"predecessor-version":[{"id":271,"href":"https:\/\/sindiextramg.com.br\/admin\/index.php\/wp-json\/wp\/v2\/pages\/92\/revisions\/271"}],"wp:attachment":[{"href":"https:\/\/sindiextramg.com.br\/admin\/index.php\/wp-json\/wp\/v2\/media?parent=92"}],"curies":[{"name":"wp","href":"https:\/\/api.w.org\/{rel}","templated":true}]}}