{"id":90,"date":"2025-08-26T08:49:36","date_gmt":"2025-08-26T11:49:36","guid":{"rendered":"http:\/\/sindiextramg.com.br\/admin\/?page_id=90"},"modified":"2025-09-08T11:37:33","modified_gmt":"2025-09-08T14:37:33","slug":"cfem-fortalece-economia-dos-municipios-mineradores","status":"publish","type":"page","link":"https:\/\/sindiextramg.com.br\/admin\/index.php\/cfem-fortalece-economia-dos-municipios-mineradores\/","title":{"rendered":"Cfem fortalece economia dos munic\u00edpios mineradores"},"content":{"rendered":"\n<p>A minera\u00e7\u00e3o \u00e9 uma grande fonte geradora de riquezas, na forma de impostos, empregos, sal\u00e1rios e movimenta\u00e7\u00e3o de uma ampla cadeia produtiva de fornecedores. Um dos indicadores de Minas como a principal prov\u00edncia mineral brasileira \u00e9 a Contribui\u00e7\u00e3o Financeira sobre a Explora\u00e7\u00e3o Mineral (Cfem), cuja al\u00edquota varia de 0,20%, para ouro ou diamantes quando extra\u00eddos por permiss\u00e3o de lavra garimpeira, a min\u00e9rio de ferro (3%).&nbsp;<\/p>\n\n\n\n<p>Do montante arrecadado, 90% v\u00e3o para estados e munic\u00edpios onde ocorre a produ\u00e7\u00e3o mineral ou que forem afetados pela explora\u00e7\u00e3o, caso tenham, por exemplo, pilhas de est\u00e9ril, barragens de rejeitos e instala\u00e7\u00f5es de beneficiamento.&nbsp;<\/p>\n\n\n\n<p>Em 2024, a Cfem gerou uma receita total de R$ 7,45 bilh\u00f5es. Novamente, Minas se destaca, pois ficou com quase a metade (44,6%) do total arrecadado, seguido de perto pelo Par\u00e1, com 41,5% do total. Dos 5.570 munic\u00edpios brasileiros, 2.805, cerca da metade, tiveram, em 2024, acesso aos recursos da Cfem, que devem ser direcionados para projetos que beneficiem a comunidade local, como melhorias em infraestrutura, sa\u00fade, educa\u00e7\u00e3o e meio ambiente, n\u00e3o podendo ser utilizados para pagamento de d\u00edvidas e remunera\u00e7\u00e3o de pessoal.&nbsp;<\/p>\n\n\n\n<figure class=\"wp-block-image size-full\"><img loading=\"lazy\" decoding=\"async\" width=\"780\" height=\"520\" src=\"http:\/\/sindiextramg.com.br\/admin\/wp-content\/uploads\/2025\/09\/Texto-4-foto-01.webp\" alt=\"\" class=\"wp-image-136\" srcset=\"https:\/\/sindiextramg.com.br\/admin\/wp-content\/uploads\/2025\/09\/Texto-4-foto-01.webp 780w, https:\/\/sindiextramg.com.br\/admin\/wp-content\/uploads\/2025\/09\/Texto-4-foto-01-300x200.webp 300w, https:\/\/sindiextramg.com.br\/admin\/wp-content\/uploads\/2025\/09\/Texto-4-foto-01-768x512.webp 768w\" sizes=\"auto, (max-width: 780px) 100vw, 780px\" \/><figcaption class=\"wp-element-caption\">Concei\u00e7\u00e3o do Mato Dentro, na regi\u00e3o Central de Minas, lidera a rela\u00e7\u00e3o dos munic\u00edpio que mais recebem os recursos da Cfem em Minas Foto: Anglo American Divulga\u00e7\u00e3o<\/figcaption><\/figure>\n\n\n\n<p>A dimens\u00e3o do peso de Minas na minera\u00e7\u00e3o aparece tamb\u00e9m quando a refer\u00eancia s\u00e3o os recursos a que cada munic\u00edpio teve direito. No \u00faltimo balan\u00e7o da Cfem, referente a abril de 2025, dos cem munic\u00edpios que mais receberam 35 s\u00e3o mineiros. Entre os 20 primeiros em receita do Cfem, 15 s\u00e3o de Minas. Os demais s\u00e3o do Par\u00e1.&nbsp;<\/p>\n\n\n\n<p>Os munic\u00edpio mineiros l\u00edderes na arrecada\u00e7\u00e3o da Cfem foram Concei\u00e7\u00e3o do Mato Dentro (R$ 26,1 milh\u00f5es), Congonhas (R$ 18,8 milh\u00f5es), Mariana (R$ 14,03 milh\u00f5es), Itabirito (R$ 11,9 milh\u00f5es), S\u00e3o Gon\u00e7alo do Rio Abaixo (R$ 11,4 milh\u00f5es), Nova Lima (R$ 11,2 milh\u00f5es) e Itabira (R$ 11 milh\u00f5es). No m\u00eas de abril, 46,9% dos recursos da Cfem ficaram em Minas. O Par\u00e1 recebeu 38,7%.&nbsp;<\/p>\n\n\n\n<p><\/p>\n","protected":false},"excerpt":{"rendered":"<p>A minera\u00e7\u00e3o \u00e9 uma grande fonte geradora de riquezas, na forma de impostos, empregos, sal\u00e1rios e movimenta\u00e7\u00e3o de uma ampla cadeia produtiva de fornecedores. Um dos indicadores de Minas como a principal prov\u00edncia mineral brasileira \u00e9 a Contribui\u00e7\u00e3o Financeira sobre a Explora\u00e7\u00e3o Mineral (Cfem), cuja al\u00edquota varia de 0,20%, para ouro ou diamantes quando extra\u00eddos [&hellip;]<\/p>\n","protected":false},"author":2,"featured_media":0,"parent":0,"menu_order":0,"comment_status":"closed","ping_status":"closed","template":"","meta":{"footnotes":""},"class_list":["post-90","page","type-page","status-publish","hentry"],"aioseo_notices":[],"_links":{"self":[{"href":"https:\/\/sindiextramg.com.br\/admin\/index.php\/wp-json\/wp\/v2\/pages\/90","targetHints":{"allow":["GET"]}}],"collection":[{"href":"https:\/\/sindiextramg.com.br\/admin\/index.php\/wp-json\/wp\/v2\/pages"}],"about":[{"href":"https:\/\/sindiextramg.com.br\/admin\/index.php\/wp-json\/wp\/v2\/types\/page"}],"author":[{"embeddable":true,"href":"https:\/\/sindiextramg.com.br\/admin\/index.php\/wp-json\/wp\/v2\/users\/2"}],"replies":[{"embeddable":true,"href":"https:\/\/sindiextramg.com.br\/admin\/index.php\/wp-json\/wp\/v2\/comments?post=90"}],"version-history":[{"count":2,"href":"https:\/\/sindiextramg.com.br\/admin\/index.php\/wp-json\/wp\/v2\/pages\/90\/revisions"}],"predecessor-version":[{"id":147,"href":"https:\/\/sindiextramg.com.br\/admin\/index.php\/wp-json\/wp\/v2\/pages\/90\/revisions\/147"}],"wp:attachment":[{"href":"https:\/\/sindiextramg.com.br\/admin\/index.php\/wp-json\/wp\/v2\/media?parent=90"}],"curies":[{"name":"wp","href":"https:\/\/api.w.org\/{rel}","templated":true}]}}