{"id":88,"date":"2025-08-26T08:47:51","date_gmt":"2025-08-26T11:47:51","guid":{"rendered":"http:\/\/sindiextramg.com.br\/admin\/?page_id=88"},"modified":"2025-10-16T13:07:21","modified_gmt":"2025-10-16T16:07:21","slug":"numeros-confirmam-a-lideranca-na-economia","status":"publish","type":"page","link":"https:\/\/sindiextramg.com.br\/admin\/index.php\/numeros-confirmam-a-lideranca-na-economia\/","title":{"rendered":"N\u00fameros confirmam a lideran\u00e7a na economia\u00a0"},"content":{"rendered":"\n<p>Os n\u00fameros n\u00e3o mentem: a minera\u00e7\u00e3o \u00e9 a principal atividade econ\u00f4mica de Minas Gerais, respondendo por 9,7% do Produto Interno Bruto (PIB) do Estado. De toda a riqueza produzida em Minas, quase 10% vieram da ind\u00fastria extrativa mineral.&nbsp;<\/p>\n\n\n\n<p>Essa mesma informa\u00e7\u00e3o aparece quando se compara a participa\u00e7\u00e3o da minera\u00e7\u00e3o&nbsp; na ind\u00fastria como um todo. Nesse caso, o percentual \u00e9 ainda maior, de 21,4%,&nbsp; segundo o Instituto Brasileiro de Geografia e Estat\u00edstica (IBGE). Em segundo lugar, vem a metalurgia \u2013 atividade que n\u00e3o existiria se n\u00e3o fosse a minera\u00e7\u00e3o \u2013 com 18,8% de participa\u00e7\u00e3o no faturamento da ind\u00fastria.&nbsp;<\/p>\n\n\n\n<p class=\"is-style-text-subtitle is-style-text-subtitle--1\"><strong>Gera\u00e7\u00e3o de divisas<\/strong><\/p>\n\n\n\n<p>A ind\u00fastria extrativa mineira \u00e9 tamb\u00e9m uma grande geradora de divisas. Suas exporta\u00e7\u00f5es equivalem a quase a metade (43,2%) de todas as exporta\u00e7\u00f5es da ind\u00fastria mineira, tendo alcan\u00e7ado US$ 13,4 bilh\u00f5es (cerca de R$ 65 bilh\u00f5es) em 2024, segundo informa\u00e7\u00f5es do Minist\u00e9rio do Desenvolvimento, Ind\u00fastria e Com\u00e9rcio Exterior.&nbsp;&nbsp;<\/p>\n\n\n\n<p>A import\u00e2ncia da minera\u00e7\u00e3o aparece tamb\u00e9m quando a refer\u00eancia \u00e9 o Valor Adicionado (VA), que representa a riqueza criada por uma empresa, setor ou economia tendo como refer\u00eancia o valor de mercado de um produto ou servi\u00e7o e o custo dos insumos utilizados na sua produ\u00e7\u00e3o. No caso da minera\u00e7\u00e3o, o VA foi de R$ 83,6 bilh\u00f5es em 2021, segundo a Funda\u00e7\u00e3o Jo\u00e3o Pinheiro.&nbsp;<\/p>\n\n\n\n<p>Nos \u00faltimos dez anos, a minera\u00e7\u00e3o avan\u00e7ou na gera\u00e7\u00e3o de empregos e massa salarial. Em 2013, o n\u00famero de postos de trabalho no setor era de 65,7 mil. Em 2023, esse n\u00famero saltou para 73,9 mil, segundo dados da Rela\u00e7\u00e3o Anual de Informa\u00e7\u00f5es Sociais (Rais) do Minist\u00e9rio do Trabalho e Emprego.&nbsp;&nbsp;<\/p>\n\n\n\n<p>E n\u00e3o s\u00e3o empregos de baixa remunera\u00e7\u00e3o. Em 2023, a m\u00e9dia salarial dos empregos na minera\u00e7\u00e3o foi de R$ 5,36 mil, superior em cerca de 85% ao da ind\u00fastria de transforma\u00e7\u00e3o como um todo.&nbsp;&nbsp;&nbsp;<\/p>\n\n\n\n<p class=\"is-style-text-subtitle is-style-text-subtitle--2\"><strong>Intensivo em capital<\/strong><\/p>\n\n\n\n<p>A minera\u00e7\u00e3o \u00e9 um setor intensivo em capital, pois demanda grandes investimentos \u2013 compra de equipamentos pesados, constru\u00e7\u00e3o de instala\u00e7\u00f5es ou desenvolvimento de tecnologia \u2013 para a abertura e opera\u00e7\u00e3o de qualquer jazida.&nbsp;&nbsp;<\/p>\n\n\n\n<p>N\u00e3o \u00e9 um setor para pequenas empresas. Tanto que o n\u00famero de empresas de minera\u00e7\u00e3o corresponde a apenas 2,2% do total que tem a ind\u00fastria no Estado. Por\u00e9m, \u00e9 um setor com uma capacidade de gera\u00e7\u00e3o de riquezas muito grande, que pode ser medida por sua participa\u00e7\u00e3o (32,3%) no PIB na ind\u00fastria como um todo.&nbsp;<\/p>\n\n\n\n<p>Essa realidade se faz presente tamb\u00e9m na massa salarial (valor total que as empresas ou empregadores gastam com sal\u00e1rios e outros benef\u00edcios relacionados ao trabalho). Em Minas, o valor da massa salarial produzida pela minera\u00e7\u00e3o equivale a 9,8% do total gerado pela ind\u00fastria.&nbsp;&nbsp;<br><br><\/p>\n\n\n\n<div class=\"wp-block-group numeros-confirmam has-global-padding is-layout-constrained wp-block-group-is-layout-constrained\">\n<p style=\"font-size:clamp(14.642px, 0.915rem + ((1vw - 3.2px) * 0.721), 22px);text-decoration:underline\"><strong>9,7%<\/strong> do Produto Interno Bruto de Minas vem da minera\u00e7\u00e3o&nbsp;<\/p>\n\n\n\n<p style=\"font-size:clamp(14.642px, 0.915rem + ((1vw - 3.2px) * 0.721), 22px);text-decoration:underline\">Sal\u00e1rios da minera\u00e7\u00e3o s\u00e3o <strong>85% maiores<\/strong> que a m\u00e9dia da ind\u00fastria&nbsp;<\/p>\n\n\n\n<p style=\"font-size:clamp(14.642px, 0.915rem + ((1vw - 3.2px) * 0.721), 22px);text-decoration:underline\">Exporta\u00e7\u00f5es da minera\u00e7\u00e3o correspondem a <strong>43% <\/strong>das exporta\u00e7\u00f5es da ind\u00fastria mineira&nbsp;<\/p>\n<\/div>\n","protected":false},"excerpt":{"rendered":"<p>Os n\u00fameros n\u00e3o mentem: a minera\u00e7\u00e3o \u00e9 a principal atividade econ\u00f4mica de Minas Gerais, respondendo por 9,7% do Produto Interno Bruto (PIB) do Estado. De toda a riqueza produzida em Minas, quase 10% vieram da ind\u00fastria extrativa mineral.&nbsp; Essa mesma informa\u00e7\u00e3o aparece quando se compara a participa\u00e7\u00e3o da minera\u00e7\u00e3o&nbsp; na ind\u00fastria como um todo. Nesse [&hellip;]<\/p>\n","protected":false},"author":2,"featured_media":0,"parent":0,"menu_order":0,"comment_status":"closed","ping_status":"closed","template":"","meta":{"footnotes":""},"class_list":["post-88","page","type-page","status-publish","hentry"],"aioseo_notices":[],"_links":{"self":[{"href":"https:\/\/sindiextramg.com.br\/admin\/index.php\/wp-json\/wp\/v2\/pages\/88","targetHints":{"allow":["GET"]}}],"collection":[{"href":"https:\/\/sindiextramg.com.br\/admin\/index.php\/wp-json\/wp\/v2\/pages"}],"about":[{"href":"https:\/\/sindiextramg.com.br\/admin\/index.php\/wp-json\/wp\/v2\/types\/page"}],"author":[{"embeddable":true,"href":"https:\/\/sindiextramg.com.br\/admin\/index.php\/wp-json\/wp\/v2\/users\/2"}],"replies":[{"embeddable":true,"href":"https:\/\/sindiextramg.com.br\/admin\/index.php\/wp-json\/wp\/v2\/comments?post=88"}],"version-history":[{"count":13,"href":"https:\/\/sindiextramg.com.br\/admin\/index.php\/wp-json\/wp\/v2\/pages\/88\/revisions"}],"predecessor-version":[{"id":288,"href":"https:\/\/sindiextramg.com.br\/admin\/index.php\/wp-json\/wp\/v2\/pages\/88\/revisions\/288"}],"wp:attachment":[{"href":"https:\/\/sindiextramg.com.br\/admin\/index.php\/wp-json\/wp\/v2\/media?parent=88"}],"curies":[{"name":"wp","href":"https:\/\/api.w.org\/{rel}","templated":true}]}}