{"id":48,"date":"2025-08-02T16:37:23","date_gmt":"2025-08-02T16:37:23","guid":{"rendered":"http:\/\/sindiextramg.com.br\/admin\/?page_id=48"},"modified":"2026-04-06T15:54:29","modified_gmt":"2026-04-06T18:54:29","slug":"como-se-associar","status":"publish","type":"page","link":"https:\/\/sindiextramg.com.br\/admin\/index.php\/como-se-associar\/","title":{"rendered":"Associe-se ao Sindiextra\u00a0"},"content":{"rendered":"\n<p>O Sindicato da Ind\u00fastria Mineral do Estado de Minas Gerais (Sindiextra) foi fundado em agosto de 1991 e \u00e9 formado hoje, por 126 empresas associadas, dos setores de minera\u00e7\u00e3o e prestadores de servi\u00e7os ao setor.\u00a0\u00a0<\/p>\n\n\n\n<p>O Sindiextra disp\u00f5e de uma estrutura organizacional que tem como seu \u00f3rg\u00e3o superior um Conselho Deliberativo composto por 20 principais executivos representes de pequenas, m\u00e9dias e grandes empresas associadas. O Conselho \u00e9 presidido por Jos\u00e9 Fernando Coura, que, atualmente est\u00e1 licenciado para cumprir seu mandato de presidente do Conselho de Administra\u00e7\u00e3o da Petrobr\u00e1s.&nbsp;<\/p>\n\n\n\n<p>Um presidente-executivo \u2013 Luis M\u00e1rcio Vianna \u2013 , uma coordenadora sindical \u2013 Nair Costa \u2013 e uma auxiliar administrativa \u2013 Fl\u00e1via Queiroz&nbsp; \u2013 completam sua estrutura.&nbsp;<\/p>\n\n\n\n<p>O Sindiextra mant\u00e9m uma institui\u00e7\u00e3o na \u00e1rea ambiental, o Instituto Ambiental da Minera\u00e7\u00e3o (Instituto AMI) e grupos de trabalho de Meio Ambiente e Sustentabilidade, coordenado por Christiane Malheiros; e de Inova\u00e7\u00e3o e Tecnologia, junto ao CIT-Senai, coordenado por Marcelo Nassif.&nbsp;<\/p>\n\n\n\n<p>O Sindiextra \u00e9 filiado \u00e0 Federa\u00e7\u00e3o das Ind\u00fastrias do Estado de Minas Gerais (Fiemg), que, por sua vez, \u00e9 filiada \u00e0 Confedera\u00e7\u00e3o Nacional da Ind\u00fastria (CNI).&nbsp;<\/p>\n\n\n\n<p>Estamos na avenida do Contorno, 4456, 6\u00ba andar, funcion\u00e1rios. CEP: 30.110-028, Belo Horizonte, Minas Gerais, Brasil.&nbsp;<\/p>\n\n\n\n<p>Telefones: 31 3282-7474 <br>Email: <a href=\"mailto:sindiextra@fiemg.com.br\">sindiextra@fiemg.com.br<\/a><\/p>\n\n\n\n<p class=\"is-style-text-subtitle is-style-text-subtitle--1\"><br><strong>Servi\u00e7os que o Sindiextra presta \u00e0s suas empresas associadas:<\/strong><\/p>\n\n\n\n<ul class=\"wp-block-list\">\n<li style=\"font-size:clamp(14.642px, 0.915rem + ((1vw - 3.2px) * 0.721), 22px);\">&nbsp;Negocia\u00e7\u00e3o das conven\u00e7\u00f5es coletivas;&nbsp;<\/li>\n\n\n\n<li style=\"font-size:clamp(14.642px, 0.915rem + ((1vw - 3.2px) * 0.721), 22px);\">Assessoria jur\u00eddica nas \u00e1reas trabalhista, tribut\u00e1ria e ambiental;&nbsp;<\/li>\n\n\n\n<li style=\"font-size:clamp(14.642px, 0.915rem + ((1vw - 3.2px) * 0.721), 22px);\">Assessoria e consultoria econ\u00f4mica e de gest\u00e3o;&nbsp;<\/li>\n\n\n\n<li style=\"font-size:clamp(14.642px, 0.915rem + ((1vw - 3.2px) * 0.721), 22px);\">Credifiemg;&nbsp;<\/li>\n\n\n\n<li style=\"font-size:clamp(14.642px, 0.915rem + ((1vw - 3.2px) * 0.721), 22px);\">Assessoria em com\u00e9rcio exterior e promo\u00e7\u00e3o de feiras e miss\u00f5es;<\/li>\n\n\n\n<li style=\"font-size:clamp(14.642px, 0.915rem + ((1vw - 3.2px) * 0.721), 22px);\">Forma\u00e7\u00e3o de cons\u00f3rcios de exporta\u00e7\u00e3o;&nbsp;<\/li>\n\n\n\n<li style=\"font-size:clamp(14.642px, 0.915rem + ((1vw - 3.2px) * 0.721), 22px);\">Clipping di\u00e1rio sobre os fatos relevantes para o setor;<\/li>\n\n\n\n<li style=\"font-size:clamp(14.642px, 0.915rem + ((1vw - 3.2px) * 0.721), 22px);\">Programas de qualifica\u00e7\u00e3o, habilita\u00e7\u00e3o, especializa\u00e7\u00e3o e p\u00f3s-gradua\u00e7\u00e3o profissional;&nbsp;<\/li>\n\n\n\n<li style=\"font-size:clamp(14.642px, 0.915rem + ((1vw - 3.2px) * 0.721), 22px);\">O Sindiextra \u00e9 integrante da C\u00e2mara de Minera\u00e7\u00e3o do Conselho Estadual de Pol\u00edtica Ambiental (Copam);&nbsp;<\/li>\n\n\n\n<li style=\"font-size:clamp(14.642px, 0.915rem + ((1vw - 3.2px) * 0.721), 22px);\">Participa tamb\u00e9m de v\u00e1rios conselhos, em v\u00e1rias inst\u00e2ncias governamentais, no Conselho Estadual de Recursos H\u00eddricos, por meio da Fiemg, e em v\u00e1rios comit\u00eas de bacias hidrogr\u00e1ficas;&nbsp;<\/li>\n\n\n\n<li style=\"font-size:clamp(14.642px, 0.915rem + ((1vw - 3.2px) * 0.721), 22px);\">Relacionamento, acompanhamento e defesa dos interesses do setor junto a: Minist\u00e9rio das Minas e Energia (MME), Ag\u00eancia Nacional de Minera\u00e7\u00e3o (ANM), Banco Nacional de Desenvolvimento Econ\u00f4mico e Social (BNDES), Secretaria de Estado de Meio Ambiente e Desenvolvimento Sustent\u00e1vel (Semad), Banco de Desenvolvimento de Minas Gerais (BDMG), Funda\u00e7\u00e3o Estadual do Meio Ambiente (Feam), Instituto Mineiro de Gest\u00e3o das \u00c1guas (Igam), Minist\u00e9rio P\u00fablico e poderes Legislativo, Executivo e Judici\u00e1rio.&nbsp;<\/li>\n<\/ul>\n\n\n\n<p><\/p>\n","protected":false},"excerpt":{"rendered":"<p>O Sindicato da Ind\u00fastria Mineral do Estado de Minas Gerais (Sindiextra) foi fundado em agosto de 1991 e \u00e9 formado hoje, por 126 empresas associadas, dos setores de minera\u00e7\u00e3o e prestadores de servi\u00e7os ao setor.\u00a0\u00a0 O Sindiextra disp\u00f5e de uma estrutura organizacional que tem como seu \u00f3rg\u00e3o superior um Conselho Deliberativo composto por 20 principais [&hellip;]<\/p>\n","protected":false},"author":2,"featured_media":141,"parent":0,"menu_order":0,"comment_status":"closed","ping_status":"closed","template":"","meta":{"footnotes":""},"class_list":["post-48","page","type-page","status-publish","has-post-thumbnail","hentry"],"aioseo_notices":[],"_links":{"self":[{"href":"https:\/\/sindiextramg.com.br\/admin\/index.php\/wp-json\/wp\/v2\/pages\/48","targetHints":{"allow":["GET"]}}],"collection":[{"href":"https:\/\/sindiextramg.com.br\/admin\/index.php\/wp-json\/wp\/v2\/pages"}],"about":[{"href":"https:\/\/sindiextramg.com.br\/admin\/index.php\/wp-json\/wp\/v2\/types\/page"}],"author":[{"embeddable":true,"href":"https:\/\/sindiextramg.com.br\/admin\/index.php\/wp-json\/wp\/v2\/users\/2"}],"replies":[{"embeddable":true,"href":"https:\/\/sindiextramg.com.br\/admin\/index.php\/wp-json\/wp\/v2\/comments?post=48"}],"version-history":[{"count":19,"href":"https:\/\/sindiextramg.com.br\/admin\/index.php\/wp-json\/wp\/v2\/pages\/48\/revisions"}],"predecessor-version":[{"id":519,"href":"https:\/\/sindiextramg.com.br\/admin\/index.php\/wp-json\/wp\/v2\/pages\/48\/revisions\/519"}],"wp:featuredmedia":[{"embeddable":true,"href":"https:\/\/sindiextramg.com.br\/admin\/index.php\/wp-json\/wp\/v2\/media\/141"}],"wp:attachment":[{"href":"https:\/\/sindiextramg.com.br\/admin\/index.php\/wp-json\/wp\/v2\/media?parent=48"}],"curies":[{"name":"wp","href":"https:\/\/api.w.org\/{rel}","templated":true}]}}