{"id":44,"date":"2025-08-02T16:34:15","date_gmt":"2025-08-02T16:34:15","guid":{"rendered":"http:\/\/sindiextramg.com.br\/admin\/?page_id=44"},"modified":"2025-08-02T16:34:15","modified_gmt":"2025-08-02T16:34:15","slug":"sustentabilidade","status":"publish","type":"page","link":"https:\/\/sindiextramg.com.br\/admin\/index.php\/sustentabilidade\/","title":{"rendered":"Sustentabilidade"},"content":{"rendered":"\n<p>Acreditamos que a minera\u00e7\u00e3o respons\u00e1vel \u00e9 um compromisso com o presente e o futuro. Por isso, nossa atua\u00e7\u00e3o est\u00e1 fundamentada em pr\u00e1ticas sustent\u00e1veis que equilibram o desenvolvimento econ\u00f4mico com o respeito ao meio ambiente e \u00e0s comunidades locais.<\/p>\n\n\n\n<p>Investimos continuamente em tecnologias limpas, reaproveitamento de recursos e sistemas de controle ambiental que minimizam os impactos das nossas opera\u00e7\u00f5es. Tamb\u00e9m mantemos programas de reflorestamento, monitoramento de fauna e flora, al\u00e9m de a\u00e7\u00f5es de recupera\u00e7\u00e3o de \u00e1reas degradadas.<\/p>\n\n\n\n<p>Nosso compromisso vai al\u00e9m do ambiental. Promovemos o di\u00e1logo transparente com as comunidades vizinhas, incentivamos o desenvolvimento local e priorizamos a seguran\u00e7a e o bem-estar de todos os envolvidos na nossa cadeia de valor.<\/p>\n\n\n\n<p>Acreditamos que a minera\u00e7\u00e3o pode \u2014 e deve \u2014 caminhar junto com a preserva\u00e7\u00e3o ambiental e o progresso social. Por isso, seguimos evoluindo com responsabilidade, inova\u00e7\u00e3o e respeito.<\/p>\n","protected":false},"excerpt":{"rendered":"<p>Acreditamos que a minera\u00e7\u00e3o respons\u00e1vel \u00e9 um compromisso com o presente e o futuro. Por isso, nossa atua\u00e7\u00e3o est\u00e1 fundamentada em pr\u00e1ticas sustent\u00e1veis que equilibram o desenvolvimento econ\u00f4mico com o respeito ao meio ambiente e \u00e0s comunidades locais. Investimos continuamente em tecnologias limpas, reaproveitamento de recursos e sistemas de controle ambiental que minimizam os impactos [&hellip;]<\/p>\n","protected":false},"author":2,"featured_media":0,"parent":0,"menu_order":0,"comment_status":"closed","ping_status":"closed","template":"","meta":{"footnotes":""},"class_list":["post-44","page","type-page","status-publish","hentry"],"aioseo_notices":[],"_links":{"self":[{"href":"https:\/\/sindiextramg.com.br\/admin\/index.php\/wp-json\/wp\/v2\/pages\/44","targetHints":{"allow":["GET"]}}],"collection":[{"href":"https:\/\/sindiextramg.com.br\/admin\/index.php\/wp-json\/wp\/v2\/pages"}],"about":[{"href":"https:\/\/sindiextramg.com.br\/admin\/index.php\/wp-json\/wp\/v2\/types\/page"}],"author":[{"embeddable":true,"href":"https:\/\/sindiextramg.com.br\/admin\/index.php\/wp-json\/wp\/v2\/users\/2"}],"replies":[{"embeddable":true,"href":"https:\/\/sindiextramg.com.br\/admin\/index.php\/wp-json\/wp\/v2\/comments?post=44"}],"version-history":[{"count":1,"href":"https:\/\/sindiextramg.com.br\/admin\/index.php\/wp-json\/wp\/v2\/pages\/44\/revisions"}],"predecessor-version":[{"id":45,"href":"https:\/\/sindiextramg.com.br\/admin\/index.php\/wp-json\/wp\/v2\/pages\/44\/revisions\/45"}],"wp:attachment":[{"href":"https:\/\/sindiextramg.com.br\/admin\/index.php\/wp-json\/wp\/v2\/media?parent=44"}],"curies":[{"name":"wp","href":"https:\/\/api.w.org\/{rel}","templated":true}]}}