{"id":42,"date":"2025-08-02T16:25:04","date_gmt":"2025-08-02T16:25:04","guid":{"rendered":"http:\/\/sindiextramg.com.br\/admin\/?page_id=42"},"modified":"2025-10-06T09:20:24","modified_gmt":"2025-10-06T12:20:24","slug":"a-inovacao-da-mineracao-em-minas","status":"publish","type":"page","link":"https:\/\/sindiextramg.com.br\/admin\/index.php\/a-inovacao-da-mineracao-em-minas\/","title":{"rendered":"Minas Gerais: um sobsolo que fez hist\u00f3ria\u00a0"},"content":{"rendered":"\n<p>A hist\u00f3ria da minera\u00e7\u00e3o em Minas se confunde com a hist\u00f3ria da pr\u00f3pria forma\u00e7\u00e3o do Estado de Minas Gerais, a partir da segunda metade do s\u00e9culo 17, quando centenas de lavras de ouro de aluvi\u00e3o (encontrado em leitos e margens de rios, c\u00f3rregos e ribeir\u00f5es) j\u00e1 estavam em plena produ\u00e7\u00e3o na regi\u00e3o central do Estado.&nbsp;<\/p>\n\n\n\n<figure class=\"wp-block-image size-full\"><img loading=\"lazy\" decoding=\"async\" width=\"602\" height=\"461\" src=\"http:\/\/sindiextramg.com.br\/admin\/wp-content\/uploads\/2025\/09\/Texto-1-foto-01.jpg\" alt=\"\" class=\"wp-image-129\" srcset=\"https:\/\/sindiextramg.com.br\/admin\/wp-content\/uploads\/2025\/09\/Texto-1-foto-01.jpg 602w, https:\/\/sindiextramg.com.br\/admin\/wp-content\/uploads\/2025\/09\/Texto-1-foto-01-300x230.jpg 300w\" sizes=\"auto, (max-width: 602px) 100vw, 602px\" \/><figcaption class=\"wp-element-caption\">Pintura de Johann Muritz Rugendas (1835) retratando a minera\u00e7\u00e3o em Minas Gerais<\/figcaption><\/figure>\n\n\n\n<p>\u00c0 medida que os mineradores avan\u00e7avam pelo interior do pa\u00eds, eram criadas as chamadas Vilas do Ouro: Mariana (Vila do Carmo), Ouro Preto (Vila Rica) e Sabar\u00e1.\u202fPosteriormente, outras vilas foram surgindo, como S\u00e3o Jo\u00e3o del-Rey, Caet\u00e9 (Vila Nova da Rainha), Serro (Vila do Pr\u00edncipe) e Pitangui.&nbsp;<\/p>\n\n\n\n<figure class=\"wp-block-image size-full\"><img loading=\"lazy\" decoding=\"async\" width=\"640\" height=\"447\" src=\"http:\/\/sindiextramg.com.br\/admin\/wp-content\/uploads\/2025\/09\/Texto-1-foto-02.jpg\" alt=\"\" class=\"wp-image-130\" srcset=\"https:\/\/sindiextramg.com.br\/admin\/wp-content\/uploads\/2025\/09\/Texto-1-foto-02.jpg 640w, https:\/\/sindiextramg.com.br\/admin\/wp-content\/uploads\/2025\/09\/Texto-1-foto-02-300x210.jpg 300w\" sizes=\"auto, (max-width: 640px) 100vw, 640px\" \/><figcaption class=\"wp-element-caption\">Opera\u00e7\u00f5es da Saint John D\u2019el Rey Mining Company, no final do s\u00e9culo 19, em Nova Lima <br>Foto: AngloGold Ashanti\/Divulga\u00e7\u00e3o<\/figcaption><\/figure>\n\n\n\n<p>O s\u00e9culo 18 representou o auge da minera\u00e7\u00e3o de ouro no Estado, que chegou a produzir cerca de dois ter\u00e7os de todo o outro extra\u00eddo no pa\u00eds. Em torno dessa atividade econ\u00f4mica, al\u00e9m da cria\u00e7\u00e3o das vilas, foram abertas estradas e iniciada a implanta\u00e7\u00e3o da estrutura administrativa da Coroa Portuguesa no interior do pa\u00eds.&nbsp;&nbsp;<\/p>\n\n\n\n<p>A minera\u00e7\u00e3o de ouro gerou riquezas e tamb\u00e9m levou milhares de pessoas para o chamado sert\u00e3o. Ao longo do s\u00e9culo 17, a popula\u00e7\u00e3o de Minas Gerais passou de 30 mil para 433 mil habitantes. Ouro Preto, sua capital, tinha cerca de 40 mil habitantes em 1730. Algumas d\u00e9cada depois, sua popula\u00e7\u00e3o j\u00e1 beirava os 80 mil habitantes.&nbsp;<\/p>\n\n\n\n<p>O per\u00edodo \u00e1ureo da minera\u00e7\u00e3o de ouro foi o s\u00e9culo 18. No s\u00e9culo 19, veio o esgotamento. Com isso, a economia do Estado come\u00e7ou a entrar em decad\u00eancia. S\u00f3 que esse decl\u00ednio durou pouco. Porque na mesma regi\u00e3o onde estava o ouro, come\u00e7aram a ser descobertas reservas de min\u00e9rio de ferro.&nbsp;<\/p>\n\n\n\n<p>Embora n\u00e3o seja uma regra, o ouro e o min\u00e9rio de ferro podem ser encontrados em regi\u00f5es pr\u00f3ximas devido a processos geol\u00f3gicos que favorecem a concentra\u00e7\u00e3o de metais em \u00e1reas com caracter\u00edsticas geol\u00f3gicas similares. Foi o que aconteceu,&nbsp; em Minas, com o ouro e o ferro.&nbsp;<\/p>\n\n\n\n<p>Estas descobertas abriram caminho para a instala\u00e7\u00e3o dos primeiros altos-fornos que fariam a transforma\u00e7\u00e3o do min\u00e9rio de ferro em ferro fundido. Assim, em 1814, come\u00e7ou a funcionar a Real F\u00e1brica de Ferro de Morro do Pilar, na regi\u00e3o da Serra do Cip\u00f3 e que \u00e9 considerada a primeira f\u00e1brica de ferro do Brasil.&nbsp;&nbsp;<\/p>\n\n\n\n<p>Na minera\u00e7\u00e3o de ouro, a mais antiga empresa \u00e9 a Saint John D\u2019el Rey Mining Company, fundada em 1834 e que, posteriormente, transformou-se na Minera\u00e7\u00e3o Morro Velho e hoje \u00e9 a AngloGold Ashanti.&nbsp;<\/p>\n\n\n\n<p class=\"is-style-text-subtitle is-style-text-subtitle--1\"><br><strong>Papel indutor do Estado&nbsp;<\/strong>&nbsp;<\/p>\n\n\n\n<p>Ao mesmo tempo em que os investimentos privados avan\u00e7avam, crescia a participa\u00e7\u00e3o do poder p\u00fablico no est\u00edmulo \u00e0 atividade miner\u00e1ria. Um primeiro movimento nesse sentido veio da Coroa Portuguesa que, ao se transferir para o Brasil, em 1808, contratou o Bar\u00e3o de Eschwege para fazer um diagn\u00f3stico da da minera\u00e7\u00e3o no Brasil.&nbsp;&nbsp;<\/p>\n\n\n\n<figure class=\"wp-block-image size-large\"><img loading=\"lazy\" decoding=\"async\" width=\"1024\" height=\"538\" src=\"http:\/\/sindiextramg.com.br\/admin\/wp-content\/uploads\/2025\/09\/Texto-1-foto-03-1024x538.jpg\" alt=\"\" class=\"wp-image-131\" srcset=\"https:\/\/sindiextramg.com.br\/admin\/wp-content\/uploads\/2025\/09\/Texto-1-foto-03-1024x538.jpg 1024w, https:\/\/sindiextramg.com.br\/admin\/wp-content\/uploads\/2025\/09\/Texto-1-foto-03-300x158.jpg 300w, https:\/\/sindiextramg.com.br\/admin\/wp-content\/uploads\/2025\/09\/Texto-1-foto-03-768x403.jpg 768w, https:\/\/sindiextramg.com.br\/admin\/wp-content\/uploads\/2025\/09\/Texto-1-foto-03.jpg 1200w\" sizes=\"auto, (max-width: 1024px) 100vw, 1024px\" \/><figcaption class=\"wp-element-caption\">Bar\u00e3o de Eschwege um dos pioneiros da pesquisa mineral no Brasil<\/figcaption><\/figure>\n\n\n\n<p>Em 1842, o Museu Nacional, criado em 1818, passou por uma reorganiza\u00e7\u00e3o para que pudesse abrigar tamb\u00e9m o rec\u00e9m-criado setor de \u201cMineralogia, Geologia e Ci\u00eancias Exatas\u201d. No ano seguinte, na Secretaria de Estado de Neg\u00f3cios do Imp\u00e9rio, foi criada a se\u00e7\u00e3o de \u201cAgricultura e Minera\u00e7\u00e3o\u201d.&nbsp;<\/p>\n\n\n\n<p>Outro passo importante no sentido de se agregar conhecimento \u00e0 explora\u00e7\u00e3o mineral no pa\u00eds se deu em 1876, com a funda\u00e7\u00e3o da Escola de Minas de Ouro Preto. De l\u00e1 sa\u00edram os primeiros engenheiros de minas e metalurgistas brasileiros. Hoje, a Escola de Minas faz parte da Universidade Federal de Ouro Preto (Ufop)&nbsp;<\/p>\n\n\n\n<p>Em 1894, no final do s\u00e9culo passado, al\u00e9m do ferro e do ouro, um terceiro mineral \u2013 o mangan\u00eas \u2013 passou a ser explorado na regi\u00e3o central de Minas. A jazida de Morro da Mina, em Conselheiro Lafaiete, est\u00e1 em opera\u00e7\u00e3o at\u00e9 hoje. De l\u00e1, s\u00e3o extra\u00eddas cerca de 650 mil toneladas de min\u00e9rio de mangan\u00eas por ano.&nbsp;<\/p>\n\n\n\n<p>No in\u00edcio do s\u00e9culo 20, as pesquisas indicavam que as jazidas de min\u00e9rio de ferro existentes na regi\u00e3o central do estado eram muito maiores do que se pensava.&nbsp;&nbsp;<\/p>\n\n\n\n<p>Foi tamb\u00e9m nos primeiros anos do s\u00e9culo 20 que surgiu o Servi\u00e7o Geol\u00f3gico do Brasil (SGB), em 1907, e que hoje \u00e9 a Companhia de Pesquisas de Recursos Minerais (CPRM).&nbsp;&nbsp;<\/p>\n\n\n\n<p>O ano de 1934 \u00e9, na hist\u00f3ria da minera\u00e7\u00e3o brasileira, considerado um ano emblem\u00e1tico. Neste mesmo ano, foi criado o Departamento Nacional de Produ\u00e7\u00e3o Mineral (DNPM) e entrou em vigor o C\u00f3digo de Minera\u00e7\u00e3o. O DNPM existiu at\u00e9 2018, quando foi transformado na Ag\u00eancia Nacional de Minera\u00e7\u00e3o (ANM).&nbsp;<\/p>\n\n\n\n<p class=\"is-style-text-subtitle is-style-text-subtitle--2\"><br><strong>Voltando ao passado<\/strong>&nbsp;<\/p>\n\n\n\n<p>Em 1911, a empresa inglesa Itabira Iron Ore Company foi autorizada a explorar as minas de ferro localizadas na regi\u00e3o de Itabira. S\u00f3 que a trajet\u00f3ria dos ingleses sofreu um corte causado pela eclos\u00e3o da Segunda Guerra Mundial. \u00c9 que nesse novo cen\u00e1rio, ocorreu um aumento muito grande da demanda por min\u00e9rio de ferro destinado a produzir armamentos.&nbsp;&nbsp;<\/p>\n\n\n\n<figure class=\"wp-block-image size-full\"><img loading=\"lazy\" decoding=\"async\" width=\"559\" height=\"465\" src=\"http:\/\/sindiextramg.com.br\/admin\/wp-content\/uploads\/2025\/09\/Texto-1-foto-04.png\" alt=\"\" class=\"wp-image-132\" srcset=\"https:\/\/sindiextramg.com.br\/admin\/wp-content\/uploads\/2025\/09\/Texto-1-foto-04.png 559w, https:\/\/sindiextramg.com.br\/admin\/wp-content\/uploads\/2025\/09\/Texto-1-foto-04-300x250.png 300w\" sizes=\"auto, (max-width: 559px) 100vw, 559px\" \/><figcaption class=\"wp-element-caption\">Documento original da ata da assembleia de constitui\u00e7\u00e3o da CVRD, em 1943, com a assinatura de cada um dos acionistas presentes. Foto: Acervo Vale<\/figcaption><\/figure>\n\n\n\n<p>Para atender a essa demanda, o governo federal estatizou a Itabira Iron Ore Company, em 1942. Nasceu a\u00ed a Companhia Vale do Rio Doce que, cinquenta e cinco anos depois, em 1997, seria privatizada. E hoje \u00e9 a terceira maior mineradora do mundo.&nbsp;&nbsp;<\/p>\n\n\n\n<p>Por\u00e9m, a hist\u00f3ria da minera\u00e7\u00e3o em Minas n\u00e3o \u00e9 s\u00f3 a hist\u00f3ria da explora\u00e7\u00e3o do Quadril\u00e1tero Ferr\u00edfero, nome que passou a ser utilizado mais comumente em meados do s\u00e9culo passado. Nos anos de 1940, teve in\u00edcio a explora\u00e7\u00e3o das jazidas de bauxita localizadas pr\u00f3ximo de Po\u00e7os de Caldas, no sul de Minas.&nbsp;&nbsp;<\/p>\n\n\n\n<p>Nos anos de 1950, come\u00e7ou o a explora\u00e7\u00e3o do ni\u00f3bio na regi\u00e3o de Arax\u00e1, no Tri\u00e2ngulo Mineiro. Ao mesmo tempo, expandia-se o n\u00famero de empresas criadas para operar com a extra\u00e7\u00e3o de min\u00e9rio de ferro no Quadril\u00e1tero Ferr\u00edfero.&nbsp;&nbsp;<\/p>\n\n\n\n<p>Os anos de 1970 assistiram \u00e0 abertura de mais uma fronteira mineral no Estado. Desta vez destinada \u00e0 explora\u00e7\u00e3o do fosfato, que \u00e9 abundante na regi\u00e3o do Tri\u00e2ngulo Mineiro e Alto Parana\u00edba. Nos anos de 1990, essa fronteira alargou-se ainda mais, desta vez em dire\u00e7\u00e3o \u00e0 Zona da Mata, com o in\u00edcio da explora\u00e7\u00e3o das minas de bauxita (mat\u00e9ria prima da produ\u00e7\u00e3o do alum\u00ednio).&nbsp;&nbsp;<\/p>\n\n\n\n<p class=\"is-style-text-subtitle is-style-text-subtitle--3\"><br><strong>Em dire\u00e7\u00e3o ao futuro<\/strong>&nbsp;<\/p>\n\n\n\n<p>Na linha do tempo da hist\u00f3ria da minera\u00e7\u00e3o em Minas, em pelo menos dois momentos a minera\u00e7\u00e3o esteve no centro de decis\u00f5es que mudariam para sempre a fisionomia do pa\u00eds. O primeiro foi nos s\u00e9culos 18 e 19, quando a minera\u00e7\u00e3o de ouro interiorizou a ocupa\u00e7\u00e3o do extenso vazio que era o territ\u00f3rio brasileiro. Al\u00e9m do surgimento de v\u00e1rias cidades, o ouro enriqueceu Portugal, ajudando o pa\u00eds a saldar parte da imensa d\u00edvida que tinha, na \u00e9poca, com a Inglaterra.&nbsp;<\/p>\n\n\n\n<p>No s\u00e9culo 20, o min\u00e9rio de ferro extra\u00eddo na regi\u00e3o do Quadril\u00e1tero Ferr\u00edfero, no cora\u00e7\u00e3o de Minas Gerais sustentou a implanta\u00e7\u00e3o da moderna siderurgia brasileira, sem a qual o desenvolvimento industrial do pa\u00eds que viria a partir dos anos de 1940, com Get\u00falio Vargas e, na sequ\u00eancia, Juscelino Kubitscheck, n\u00e3o se sustentaria.&nbsp;&nbsp;<\/p>\n\n\n\n<p>No alvorecer do s\u00e9culo 21, Minas Gerais est\u00e1 no centro da terceira revolu\u00e7\u00e3o mineral de sua hist\u00f3ria \u2013 a que vem acoplada \u00e0 transi\u00e7\u00e3o energ\u00e9tica para uma economia de baixo carbono. Depois do ouro e do min\u00e9rio de ferro, chegou a vez dos chamados minerais estrat\u00e9gicos \u2013 terras raras, ni\u00f3bio, l\u00edtio e grafita, entre outros, fundamentais para uma economia centrada na eletricidade. Mais uma vez, do subsolo mineiro vem a mat\u00e9ria prima dessa nova revolu\u00e7\u00e3o, ainda em curso.&nbsp;<\/p>\n","protected":false},"excerpt":{"rendered":"<p>A hist\u00f3ria da minera\u00e7\u00e3o em Minas se confunde com a hist\u00f3ria da pr\u00f3pria forma\u00e7\u00e3o do Estado de Minas Gerais, a partir da segunda metade do s\u00e9culo 17, quando centenas de lavras de ouro de aluvi\u00e3o (encontrado em leitos e margens de rios, c\u00f3rregos e ribeir\u00f5es) j\u00e1 estavam em plena produ\u00e7\u00e3o na regi\u00e3o central do Estado.&nbsp; [&hellip;]<\/p>\n","protected":false},"author":2,"featured_media":141,"parent":0,"menu_order":0,"comment_status":"closed","ping_status":"closed","template":"","meta":{"footnotes":""},"class_list":["post-42","page","type-page","status-publish","has-post-thumbnail","hentry"],"aioseo_notices":[],"_links":{"self":[{"href":"https:\/\/sindiextramg.com.br\/admin\/index.php\/wp-json\/wp\/v2\/pages\/42","targetHints":{"allow":["GET"]}}],"collection":[{"href":"https:\/\/sindiextramg.com.br\/admin\/index.php\/wp-json\/wp\/v2\/pages"}],"about":[{"href":"https:\/\/sindiextramg.com.br\/admin\/index.php\/wp-json\/wp\/v2\/types\/page"}],"author":[{"embeddable":true,"href":"https:\/\/sindiextramg.com.br\/admin\/index.php\/wp-json\/wp\/v2\/users\/2"}],"replies":[{"embeddable":true,"href":"https:\/\/sindiextramg.com.br\/admin\/index.php\/wp-json\/wp\/v2\/comments?post=42"}],"version-history":[{"count":8,"href":"https:\/\/sindiextramg.com.br\/admin\/index.php\/wp-json\/wp\/v2\/pages\/42\/revisions"}],"predecessor-version":[{"id":269,"href":"https:\/\/sindiextramg.com.br\/admin\/index.php\/wp-json\/wp\/v2\/pages\/42\/revisions\/269"}],"wp:featuredmedia":[{"embeddable":true,"href":"https:\/\/sindiextramg.com.br\/admin\/index.php\/wp-json\/wp\/v2\/media\/141"}],"wp:attachment":[{"href":"https:\/\/sindiextramg.com.br\/admin\/index.php\/wp-json\/wp\/v2\/media?parent=42"}],"curies":[{"name":"wp","href":"https:\/\/api.w.org\/{rel}","templated":true}]}}