{"id":396,"date":"2025-11-28T16:03:19","date_gmt":"2025-11-28T19:03:19","guid":{"rendered":"https:\/\/sindiextramg.com.br\/admin\/?page_id=396"},"modified":"2025-11-28T16:03:20","modified_gmt":"2025-11-28T19:03:20","slug":"visao-missao-valores-e-compromisso-com-o-desenvolvimento","status":"publish","type":"page","link":"https:\/\/sindiextramg.com.br\/admin\/index.php\/visao-missao-valores-e-compromisso-com-o-desenvolvimento\/","title":{"rendered":"Vis\u00e3o, Miss\u00e3o, Valores e Compromisso com o Desenvolvimento"},"content":{"rendered":"\n<p><strong>Vis\u00e3o<\/strong><\/p>\n\n\n\n<p>Ser a principal entidade representativa e de refer\u00eancia nacional do setor mineral, reconhecida pela defesa t\u00e9cnica, \u00e9tica e inovadora dos interesses da ind\u00fastria de base, contribuindo decisivamente para o desenvolvimento sustent\u00e1vel, seguro e competitivo do estado de Minas Gerais.<\/p>\n\n\n\n<p><strong>Miss\u00e3o<\/strong><\/p>\n\n\n\n<p>Mobilizar, articular e representar o setor mineral de Minas Gerais, garantindo seguran\u00e7a jur\u00eddica, sustentabilidade, efici\u00eancia regulat\u00f3ria e competitividade. Unificar e promover o di\u00e1logo qualificado, participa\u00e7\u00e3o institucional e coopera\u00e7\u00e3o setorial, assegurando que a atividade miner\u00e1ria seja respeitada, compreendida e valorizada pela sociedade e pelo poder p\u00fablico.<\/p>\n\n\n\n<p><strong>Valores<\/strong><\/p>\n\n\n\n<ul class=\"wp-block-list\">\n<li>Alinhamento Institucional<\/li>\n<\/ul>\n\n\n\n<p>Atuar de forma coordenada com as empresas associadas, institui\u00e7\u00f5es do setor produtivo, meios de comunica\u00e7\u00e3o, sociedade civil e acad\u00eamica, entidades municipais, estaduais e federais.<\/p>\n\n\n\n<ul class=\"wp-block-list\">\n<li>Integridade<\/li>\n<\/ul>\n\n\n\n<p>Atuar com \u00e9tica, responsabilidade e respeito absoluto \u00e0 legisla\u00e7\u00e3o, construindo confian\u00e7a e credibilidade junto \u00e0 sociedade e \u00e0s institui\u00e7\u00f5es p\u00fablicas.<\/p>\n\n\n\n<ul class=\"wp-block-list\">\n<li>Seguran\u00e7a e Valor \u00e0s Pessoas<\/li>\n<\/ul>\n\n\n\n<p>Priorizar a seguran\u00e7a operacional, o bem-estar dos trabalhadores e a gest\u00e3o respons\u00e1vel de pessoas, fortalecendo ambientes produtivos seguros e saud\u00e1veis.<\/p>\n\n\n\n<p><strong>Sustentabilidade e Meio Ambiente<\/strong><\/p>\n\n\n\n<p>Promover pr\u00e1ticas minerais sustent\u00e1veis, equilibradas e compat\u00edveis com a prote\u00e7\u00e3o ambiental, a resili\u00eancia territorial e a responsabilidade socioambiental.<\/p>\n\n\n\n<ul class=\"wp-block-list\">\n<li><strong>Inova\u00e7\u00e3o e Produtividade<\/strong><\/li>\n<\/ul>\n\n\n\n<p>Estimular solu\u00e7\u00f5es tecnol\u00f3gicas, regulat\u00f3rias e produtivas que aumentem a efici\u00eancia, reduzam riscos e ampliem a competitividade do setor.<\/p>\n\n\n\n<p><strong>Compromisso com o Desenvolvimento<\/strong><\/p>\n\n\n\n<p>Contribuir para o desenvolvimento econ\u00f4mico e social de Minas Gerais, reconhecendo e promovendo o papel essencial da minera\u00e7\u00e3o como ind\u00fastria de base das cadeias produtivas associadas, al\u00e9m de sua fundamental contribui\u00e7\u00e3o para a sa\u00fade e o bem-estar da sociedade.<\/p>\n","protected":false},"excerpt":{"rendered":"<p>Vis\u00e3o Ser a principal entidade representativa e de refer\u00eancia nacional do setor mineral, reconhecida pela defesa t\u00e9cnica, \u00e9tica e inovadora dos interesses da ind\u00fastria de base, contribuindo decisivamente para o desenvolvimento sustent\u00e1vel, seguro e competitivo do estado de Minas Gerais. Miss\u00e3o Mobilizar, articular e representar o setor mineral de Minas Gerais, garantindo seguran\u00e7a jur\u00eddica, sustentabilidade, [&hellip;]<\/p>\n","protected":false},"author":3,"featured_media":0,"parent":0,"menu_order":0,"comment_status":"closed","ping_status":"closed","template":"","meta":{"footnotes":""},"class_list":["post-396","page","type-page","status-publish","hentry"],"aioseo_notices":[],"_links":{"self":[{"href":"https:\/\/sindiextramg.com.br\/admin\/index.php\/wp-json\/wp\/v2\/pages\/396","targetHints":{"allow":["GET"]}}],"collection":[{"href":"https:\/\/sindiextramg.com.br\/admin\/index.php\/wp-json\/wp\/v2\/pages"}],"about":[{"href":"https:\/\/sindiextramg.com.br\/admin\/index.php\/wp-json\/wp\/v2\/types\/page"}],"author":[{"embeddable":true,"href":"https:\/\/sindiextramg.com.br\/admin\/index.php\/wp-json\/wp\/v2\/users\/3"}],"replies":[{"embeddable":true,"href":"https:\/\/sindiextramg.com.br\/admin\/index.php\/wp-json\/wp\/v2\/comments?post=396"}],"version-history":[{"count":1,"href":"https:\/\/sindiextramg.com.br\/admin\/index.php\/wp-json\/wp\/v2\/pages\/396\/revisions"}],"predecessor-version":[{"id":397,"href":"https:\/\/sindiextramg.com.br\/admin\/index.php\/wp-json\/wp\/v2\/pages\/396\/revisions\/397"}],"wp:attachment":[{"href":"https:\/\/sindiextramg.com.br\/admin\/index.php\/wp-json\/wp\/v2\/media?parent=396"}],"curies":[{"name":"wp","href":"https:\/\/api.w.org\/{rel}","templated":true}]}}