{"id":36,"date":"2025-08-02T16:19:09","date_gmt":"2025-08-02T16:19:09","guid":{"rendered":"http:\/\/sindiextramg.com.br\/admin\/?page_id=36"},"modified":"2025-11-24T12:53:00","modified_gmt":"2025-11-24T15:53:00","slug":"diretoria","status":"publish","type":"page","link":"https:\/\/sindiextramg.com.br\/admin\/index.php\/diretoria\/","title":{"rendered":"Governan\u00e7a do Sindiextra\u00a0"},"content":{"rendered":"\n<p class=\"has-text-align-center is-style-text-subtitle is-style-text-subtitle--1\"><br><strong>Conselho Deliberativo<\/strong>&nbsp;<\/p>\n\n\n\n<p><strong>Presidente<\/strong>: Gustavo Rosa Lanna (Martins Lanna)<\/p>\n\n\n\n<p><strong>Vice-presidente<\/strong>: Eduardo de Almeida Ferreira (Comisa)<\/p>\n\n\n\n<p class=\"has-text-align-center\"><br>Ana Cristina Sanches Noronha&nbsp;(Anglo American)<\/p>\n\n\n\n<p class=\"has-text-align-center\">Augusto C\u00e9sar Calazans Lopes (Bemisa)&nbsp;<\/p>\n\n\n\n<p class=\"has-text-align-center\">Carlos Hector Rezzonico (Minera\u00e7\u00e3o Usiminas)&nbsp;<\/p>\n\n\n\n<p class=\"has-text-align-center\">Christiane Cantagalli de Oliveira Malheiros (Vale)&nbsp;<\/p>\n\n\n\n<p class=\"has-text-align-center\">Daniel Medeiros de Souza (Vale)&nbsp;<\/p>\n\n\n\n<p class=\"has-text-align-center\">\u00c9neas Garcia Diniz (CSN Minera\u00e7\u00e3o)&nbsp;<\/p>\n\n\n\n<p class=\"has-text-align-center\">Jayme Nicolato Correa (Minera\u00e7\u00e3o Morro do Ip\u00ea)&nbsp;<\/p>\n\n\n\n<p class=\"has-text-align-center\">Jo\u00e3o Luiz Nogueira de Carvalho (Funda\u00e7\u00e3o Victor Dequech)&nbsp;<\/p>\n\n\n\n<p class=\"has-text-align-center\">Jos\u00e9 Fernando Coura (LMA Minera\u00e7\u00e3o e Grupo AVG)\u00a0<\/p>\n\n\n\n<p class=\"has-text-align-center\">Jun Mut\u00f3 (Vallourec Tubos do Brasil)&nbsp;<\/p>\n\n\n\n<p class=\"has-text-align-center\">Lauro Angelo Dias Amorim (Vale)&nbsp;<\/p>\n\n\n\n<p class=\"has-text-align-center\">Lucas Prado Kallas (Extrativa Mineral)&nbsp;<\/p>\n\n\n\n<p class=\"has-text-align-center\">Othon de Villefort Maia&nbsp;(AngloGold)<\/p>\n\n\n\n<p class=\"has-text-align-center\">Paulo Thiago Puga Miranda (EXE Mineral)&nbsp;<\/p>\n\n\n\n<p class=\"has-text-align-center\">Pedro Henrique de Oliveira Hansen (CBMM)&nbsp;<\/p>\n\n\n\n<p class=\"has-text-align-center\">Rafael Jabur Bittar&nbsp;(Vale)<\/p>\n\n\n\n<p class=\"has-text-align-center\">Rodrigo Andrade Valadares Gontijo (Grupo AVG)\u00a0<\/p>\n\n\n\n<p class=\"has-text-align-center\">Thiago da Costa Avelar (Minera\u00e7\u00e3o Belocal)&nbsp;<\/p>\n\n\n\n<p class=\"has-text-align-center is-style-text-subtitle is-style-text-subtitle--2\"><br><strong>Conselho Fiscal<\/strong>&nbsp;<\/p>\n\n\n\n<p class=\"has-text-align-center\">Celso Baptista Dias Filho&nbsp;(Flapa Engenharia e Minera\u00e7\u00e3o)<\/p>\n\n\n\n<p class=\"has-text-align-center\">Eduardo Costa Sim\u00f5es&nbsp;(Lapa Vermelha Cal e Calc\u00e1rio)<\/p>\n\n\n\n<p class=\"has-text-align-center\">Jos\u00e9 Guilherme Ramos&nbsp;(Bemisa)<\/p>\n\n\n\n<p class=\"has-text-align-center is-style-text-subtitle is-style-text-subtitle--3\"><br><strong>Presidente-executivo<\/strong>&nbsp;<\/p>\n\n\n\n<p class=\"has-text-align-center\">Luis M\u00e1rcio Vianna&nbsp;<\/p>\n","protected":false},"excerpt":{"rendered":"<p>Conselho Deliberativo&nbsp; Presidente: Gustavo Rosa Lanna (Martins Lanna) Vice-presidente: Eduardo de Almeida Ferreira (Comisa) Ana Cristina Sanches Noronha&nbsp;(Anglo American) Augusto C\u00e9sar Calazans Lopes (Bemisa)&nbsp; Carlos Hector Rezzonico (Minera\u00e7\u00e3o Usiminas)&nbsp; Christiane Cantagalli de Oliveira Malheiros (Vale)&nbsp; Daniel Medeiros de Souza (Vale)&nbsp; \u00c9neas Garcia Diniz (CSN Minera\u00e7\u00e3o)&nbsp; Jayme Nicolato Correa (Minera\u00e7\u00e3o Morro do Ip\u00ea)&nbsp; Jo\u00e3o Luiz Nogueira [&hellip;]<\/p>\n","protected":false},"author":2,"featured_media":0,"parent":0,"menu_order":0,"comment_status":"closed","ping_status":"closed","template":"","meta":{"footnotes":""},"class_list":["post-36","page","type-page","status-publish","hentry"],"aioseo_notices":[],"_links":{"self":[{"href":"https:\/\/sindiextramg.com.br\/admin\/index.php\/wp-json\/wp\/v2\/pages\/36","targetHints":{"allow":["GET"]}}],"collection":[{"href":"https:\/\/sindiextramg.com.br\/admin\/index.php\/wp-json\/wp\/v2\/pages"}],"about":[{"href":"https:\/\/sindiextramg.com.br\/admin\/index.php\/wp-json\/wp\/v2\/types\/page"}],"author":[{"embeddable":true,"href":"https:\/\/sindiextramg.com.br\/admin\/index.php\/wp-json\/wp\/v2\/users\/2"}],"replies":[{"embeddable":true,"href":"https:\/\/sindiextramg.com.br\/admin\/index.php\/wp-json\/wp\/v2\/comments?post=36"}],"version-history":[{"count":21,"href":"https:\/\/sindiextramg.com.br\/admin\/index.php\/wp-json\/wp\/v2\/pages\/36\/revisions"}],"predecessor-version":[{"id":378,"href":"https:\/\/sindiextramg.com.br\/admin\/index.php\/wp-json\/wp\/v2\/pages\/36\/revisions\/378"}],"wp:attachment":[{"href":"https:\/\/sindiextramg.com.br\/admin\/index.php\/wp-json\/wp\/v2\/media?parent=36"}],"curies":[{"name":"wp","href":"https:\/\/api.w.org\/{rel}","templated":true}]}}