{"id":34,"date":"2025-08-02T16:15:43","date_gmt":"2025-08-02T16:15:43","guid":{"rendered":"http:\/\/sindiextramg.com.br\/admin\/?page_id=34"},"modified":"2025-12-09T14:29:42","modified_gmt":"2025-12-09T17:29:42","slug":"historia","status":"publish","type":"page","link":"https:\/\/sindiextramg.com.br\/admin\/index.php\/historia\/","title":{"rendered":"Um pouco de hist\u00f3ria\u00a0"},"content":{"rendered":"\n<p>O Sindicato da Ind\u00fastria Mineral do Estado de Minas Gerais (Sindiextra) re\u00fane empresas de minera\u00e7\u00e3o e prestadores de servi\u00e7os relacionados ao setor. Foi fundado no dia 22 de agosto de 1991, na sede da Federa\u00e7\u00e3o das Ind\u00fastrias do Estado de Minas Gerais (Fiemg) pelo fato de at\u00e9 ent\u00e3o, o estado n\u00e3o dispor de um sindicato patronal que reunisse as empresas do setor. Deste ent\u00e3o, tem atuado na firme defesa da minera\u00e7\u00e3o no Estado.&nbsp;<\/p>\n\n\n\n<p>Seu primeiro presidente, escolhido durante a assembleia que oficializou a cria\u00e7\u00e3o do sindicato, foi Jos\u00e9 Maur\u00edcio Neto, tendo como vice-presidentes Jos\u00e9 Miguel Cota, Leon\u00eddio Pontes Fonseca e Carlos Ant\u00f4nio Gomes. Como tesoureiros foram escolhidos Edson Ant\u00f4nio Fiuza Gouthier e \u00c9lcio Vanderley Costa.&nbsp;<\/p>\n\n\n\n<p>A assembleia elegeu tamb\u00e9m os representantes das diversas regionais do Sindiextra: Centro-Oeste: Weverton Ant\u00f4nio Robson; Noroeste: Ant\u00f4nio Zini; Nordeste: Khalil Afgouni; Campos das Vertentes: Roberto Puiati; e Sul: Divino Donizete Faustinoni.&nbsp;&nbsp;<\/p>\n\n\n\n<p>O primeiro conselho fiscal da entidade foi composto por S\u00f4nia A. Ferreira Cardoso, Dalmar Morais Duarte, Newton Lima Drumond (efetivos) e Marzio Bresciani, Bernardo Andrade Nogueira e T\u00falio Mecenas Albany de Ara\u00fajo (suplentes).&nbsp;<\/p>\n\n\n\n<p>Os delegados efetivos junto \u00e0 Fiemg foram Jos\u00e9 Maur\u00edcio Neto e Jos\u00e9 Miguel Cota (efetivos) e Leon\u00eddio Pontes Fonseca e Carlos Ant\u00f4nio Gomes (suplentes).&nbsp;<\/p>\n\n\n\n<p>Nos seus primeiros dez anos de exist\u00eancia, o Sindiextra n\u00e3o contou com a participa\u00e7\u00e3o das mineradoras de ferro, que eram associadas ao sindicato nacional da categoria, o Sinferbase. Em 2001, as mineradoras de ferro decidiram filiar-se ao Sindiextra. Foi um momento importante na hist\u00f3ria do Sindiextra porque fortaleceu o sindicato.&nbsp;<\/p>\n\n\n\n<p>Esse movimento, ao mesmo tempo, levou para o Sindiextra o empres\u00e1rio Jos\u00e9 Fernando Coura, que foi eleito presidente para a nova fase do sindicato, agora com a presen\u00e7a das mineradoras de ferro.  <\/p>\n\n\n\n<p>Nos \u00faltimos 20 anos, ele vem sendo reeleito para o cargo. Durante esse tempo, Fernando Coura trabalhou pela estrutura\u00e7\u00e3o do Sindiextra e pelo desenvolvimento do setor mineral em conformidade com a legisla\u00e7\u00e3o e com as boas pr\u00e1ticas do setor. <\/p>\n\n\n\n<p>Em setembro, ele se licenciou da fun\u00e7\u00e3o para assumir o cargo de conselheiro da Petrobr\u00e1s. No seu lugar, como presidente do Conselho Deliberativo, assumiu Gustavo Lanna.<\/p>\n\n\n\n<p><\/p>\n\n\n\n<p><\/p>\n","protected":false},"excerpt":{"rendered":"<p>O Sindicato da Ind\u00fastria Mineral do Estado de Minas Gerais (Sindiextra) re\u00fane empresas de minera\u00e7\u00e3o e prestadores de servi\u00e7os relacionados ao setor. Foi fundado no dia 22 de agosto de 1991, na sede da Federa\u00e7\u00e3o das Ind\u00fastrias do Estado de Minas Gerais (Fiemg) pelo fato de at\u00e9 ent\u00e3o, o estado n\u00e3o dispor de um sindicato [&hellip;]<\/p>\n","protected":false},"author":2,"featured_media":135,"parent":0,"menu_order":0,"comment_status":"closed","ping_status":"closed","template":"","meta":{"footnotes":""},"class_list":["post-34","page","type-page","status-publish","has-post-thumbnail","hentry"],"aioseo_notices":[],"_links":{"self":[{"href":"https:\/\/sindiextramg.com.br\/admin\/index.php\/wp-json\/wp\/v2\/pages\/34","targetHints":{"allow":["GET"]}}],"collection":[{"href":"https:\/\/sindiextramg.com.br\/admin\/index.php\/wp-json\/wp\/v2\/pages"}],"about":[{"href":"https:\/\/sindiextramg.com.br\/admin\/index.php\/wp-json\/wp\/v2\/types\/page"}],"author":[{"embeddable":true,"href":"https:\/\/sindiextramg.com.br\/admin\/index.php\/wp-json\/wp\/v2\/users\/2"}],"replies":[{"embeddable":true,"href":"https:\/\/sindiextramg.com.br\/admin\/index.php\/wp-json\/wp\/v2\/comments?post=34"}],"version-history":[{"count":5,"href":"https:\/\/sindiextramg.com.br\/admin\/index.php\/wp-json\/wp\/v2\/pages\/34\/revisions"}],"predecessor-version":[{"id":413,"href":"https:\/\/sindiextramg.com.br\/admin\/index.php\/wp-json\/wp\/v2\/pages\/34\/revisions\/413"}],"wp:featuredmedia":[{"embeddable":true,"href":"https:\/\/sindiextramg.com.br\/admin\/index.php\/wp-json\/wp\/v2\/media\/135"}],"wp:attachment":[{"href":"https:\/\/sindiextramg.com.br\/admin\/index.php\/wp-json\/wp\/v2\/media?parent=34"}],"curies":[{"name":"wp","href":"https:\/\/api.w.org\/{rel}","templated":true}]}}