{"id":296,"date":"2025-10-16T13:34:01","date_gmt":"2025-10-16T16:34:01","guid":{"rendered":"https:\/\/sindiextramg.com.br\/admin\/?page_id=296"},"modified":"2025-10-16T13:36:05","modified_gmt":"2025-10-16T16:36:05","slug":"teste-de-criacao-de-pagina","status":"publish","type":"page","link":"https:\/\/sindiextramg.com.br\/admin\/index.php\/teste-de-criacao-de-pagina\/","title":{"rendered":"Teste de cria\u00e7\u00e3o de p\u00e1gina"},"content":{"rendered":"\n<p>Este \u00e9 um exemplo de p\u00e1gina criada por n\u00f3s no dia 16 de outubro de 2025. <br>Teste teste.<\/p>\n","protected":false},"excerpt":{"rendered":"<p>Este \u00e9 um exemplo de p\u00e1gina criada por n\u00f3s no dia 16 de outubro de 2025. Teste teste.<\/p>\n","protected":false},"author":1,"featured_media":0,"parent":0,"menu_order":0,"comment_status":"closed","ping_status":"closed","template":"","meta":{"footnotes":""},"class_list":["post-296","page","type-page","status-publish","hentry"],"aioseo_notices":[],"_links":{"self":[{"href":"https:\/\/sindiextramg.com.br\/admin\/index.php\/wp-json\/wp\/v2\/pages\/296","targetHints":{"allow":["GET"]}}],"collection":[{"href":"https:\/\/sindiextramg.com.br\/admin\/index.php\/wp-json\/wp\/v2\/pages"}],"about":[{"href":"https:\/\/sindiextramg.com.br\/admin\/index.php\/wp-json\/wp\/v2\/types\/page"}],"author":[{"embeddable":true,"href":"https:\/\/sindiextramg.com.br\/admin\/index.php\/wp-json\/wp\/v2\/users\/1"}],"replies":[{"embeddable":true,"href":"https:\/\/sindiextramg.com.br\/admin\/index.php\/wp-json\/wp\/v2\/comments?post=296"}],"version-history":[{"count":2,"href":"https:\/\/sindiextramg.com.br\/admin\/index.php\/wp-json\/wp\/v2\/pages\/296\/revisions"}],"predecessor-version":[{"id":298,"href":"https:\/\/sindiextramg.com.br\/admin\/index.php\/wp-json\/wp\/v2\/pages\/296\/revisions\/298"}],"wp:attachment":[{"href":"https:\/\/sindiextramg.com.br\/admin\/index.php\/wp-json\/wp\/v2\/media?parent=296"}],"curies":[{"name":"wp","href":"https:\/\/api.w.org\/{rel}","templated":true}]}}